{"id":468,"date":"2020-01-13T12:08:31","date_gmt":"2020-01-13T12:08:31","guid":{"rendered":"https:\/\/www.euregio.eu\/contact\/"},"modified":"2024-11-27T10:17:41","modified_gmt":"2024-11-27T09:17:41","slug":"kontakt","status":"publish","type":"page","link":"https:\/\/www.euregio.eu\/de\/kontakt\/","title":{"rendered":"Kontakt"},"content":{"rendered":"<p><div class=\"fusion-fullwidth fullwidth-box fusion-builder-row-1 nonhundred-percent-fullwidth non-hundred-percent-height-scrolling\" style=\"--awb-border-radius-top-left:0px;--awb-border-radius-top-right:0px;--awb-border-radius-bottom-right:0px;--awb-border-radius-bottom-left:0px;--awb-flex-wrap:wrap;\" ><div class=\"fusion-builder-row fusion-row\"><div class=\"fusion-layout-column fusion_builder_column fusion-builder-column-0 fusion_builder_column_2_3 2_3 fusion-two-third fusion-column-first\" style=\"--awb-bg-size:cover;width:66.666666666667%;width:calc(66.666666666667% - ( ( 4% ) * 0.66666666666667 ) );margin-right: 4%;\"><div class=\"fusion-column-wrapper fusion-column-has-shadow fusion-flex-column-wrapper-legacy\"><div class=\"contact-info\"><a class=\"contact-tel\" href=\"tel:+4925627020\"><i class=\"fas fa-phone-alt\"><\/i> +49 (0) 2562 - 702 0<\/a> <a class=\"contact-mail\" href=\"mailto:info@euregio.eu\"><i class=\"fas fa-envelope\"><\/i> info@EUREGIO.eu<\/a><\/div><div class=\"fusion-clearfix\"><\/div><\/div><\/div><div class=\"fusion-layout-column fusion_builder_column fusion-builder-column-1 fusion_builder_column_1_3 1_3 fusion-one-third fusion-column-last\" style=\"--awb-bg-size:cover;width:33.333333333333%;width:calc(33.333333333333% - ( ( 4% ) * 0.33333333333333 ) );\"><div class=\"fusion-column-wrapper fusion-column-has-shadow fusion-flex-column-wrapper-legacy\"><div class=\"fusion-image-element in-legacy-container\" style=\"--awb-caption-title-font-family:var(--h2_typography-font-family);--awb-caption-title-font-weight:var(--h2_typography-font-weight);--awb-caption-title-font-style:var(--h2_typography-font-style);--awb-caption-title-size:var(--h2_typography-font-size);--awb-caption-title-transform:var(--h2_typography-text-transform);--awb-caption-title-line-height:var(--h2_typography-line-height);--awb-caption-title-letter-spacing:var(--h2_typography-letter-spacing);\"><span class=\" fusion-imageframe imageframe-none imageframe-1 hover-type-none\"><img decoding=\"async\" width=\"1080\" height=\"1080\" alt=\"EUREGIO_-_Maaike_Veelers_-_\u00a9Annabel_Jeuring\" title=\"Maaike \u00a9 Annabel Jeuring\" src=\"https:\/\/www.euregio.eu\/wp-content\/uploads\/2020\/09\/Euregio-8.jpg\" class=\"img-responsive wp-image-1448\" srcset=\"https:\/\/www.euregio.eu\/wp-content\/uploads\/2020\/09\/Euregio-8-200x200.jpg 200w, https:\/\/www.euregio.eu\/wp-content\/uploads\/2020\/09\/Euregio-8-400x400.jpg 400w, https:\/\/www.euregio.eu\/wp-content\/uploads\/2020\/09\/Euregio-8-600x600.jpg 600w, https:\/\/www.euregio.eu\/wp-content\/uploads\/2020\/09\/Euregio-8-800x800.jpg 800w, https:\/\/www.euregio.eu\/wp-content\/uploads\/2020\/09\/Euregio-8.jpg 1080w\" sizes=\"(max-width: 800px) 100vw, 400px\" \/><\/span><\/div><div class=\"fusion-clearfix\"><\/div><\/div><\/div><\/div><\/div><div class=\"fusion-fullwidth fullwidth-box fusion-builder-row-2 nonhundred-percent-fullwidth non-hundred-percent-height-scrolling\" style=\"--awb-border-radius-top-left:0px;--awb-border-radius-top-right:0px;--awb-border-radius-bottom-right:0px;--awb-border-radius-bottom-left:0px;--awb-flex-wrap:wrap;\" ><div class=\"fusion-builder-row fusion-row\"><div class=\"fusion-layout-column fusion_builder_column fusion-builder-column-2 fusion_builder_column_1_1 1_1 fusion-one-full fusion-column-first fusion-column-last\" style=\"--awb-bg-size:cover;\"><div class=\"fusion-column-wrapper fusion-column-has-shadow fusion-flex-column-wrapper-legacy\"><div class=\"fusion-title title fusion-title-1 fusion-sep-none fusion-title-text fusion-title-size-two\"><h2 class=\"fusion-title-heading title-heading-left fusion-responsive-typography-calculated\" style=\"margin:0;--fontSize:46;line-height:1.3;\">Kontaktformular<\/h2><\/div>\n<div class=\"wpcf7 no-js\" id=\"wpcf7-f1848-o1\" lang=\"nl-NL\" dir=\"ltr\" data-wpcf7-id=\"1848\">\n<div class=\"screen-reader-response\"><p role=\"status\" aria-live=\"polite\" aria-atomic=\"true\"><\/p> <ul><\/ul><\/div>\n<form action=\"\/de\/wp-json\/wp\/v2\/pages\/468#wpcf7-f1848-o1\" method=\"post\" class=\"wpcf7-form init\" aria-label=\"Contactformulier\" novalidate=\"novalidate\" data-status=\"init\">\n<fieldset class=\"hidden-fields-container\"><input type=\"hidden\" name=\"_wpcf7\" value=\"1848\" \/><input type=\"hidden\" name=\"_wpcf7_version\" value=\"6.1.4\" \/><input type=\"hidden\" name=\"_wpcf7_locale\" value=\"nl_NL\" \/><input type=\"hidden\" name=\"_wpcf7_unit_tag\" value=\"wpcf7-f1848-o1\" \/><input type=\"hidden\" name=\"_wpcf7_container_post\" value=\"0\" \/><input type=\"hidden\" name=\"_wpcf7_posted_data_hash\" value=\"\" \/>\n<\/fieldset>\n<div class=\"contact-row\">\n\t<div class=\"contact-half\">\n\t\t<p><span class=\"wpcf7-form-control-wrap\" data-name=\"your-name\"><input size=\"40\" maxlength=\"400\" class=\"wpcf7-form-control wpcf7-text wpcf7-validates-as-required\" aria-required=\"true\" aria-invalid=\"false\" placeholder=\"Name\" value=\"\" type=\"text\" name=\"your-name\" \/><\/span><span class=\"wpcf7-form-control-wrap\" data-name=\"your-company\"><input size=\"40\" maxlength=\"400\" class=\"wpcf7-form-control wpcf7-text\" aria-invalid=\"false\" placeholder=\"Unternehmen\" value=\"\" type=\"text\" name=\"your-company\" \/><\/span>\n\t\t<\/p>\n\t<\/div>\n<\/div>\n<div class=\"contact-row\">\n\t<div class=\"contact-half\">\n\t\t<p><span class=\"wpcf7-form-control-wrap\" data-name=\"your-email\"><input size=\"40\" maxlength=\"400\" class=\"wpcf7-form-control wpcf7-email wpcf7-validates-as-required wpcf7-text wpcf7-validates-as-email\" aria-required=\"true\" aria-invalid=\"false\" placeholder=\"E-Mail-Addresse\" value=\"\" type=\"email\" name=\"your-email\" \/><\/span><span class=\"wpcf7-form-control-wrap\" data-name=\"your-number\"><input size=\"40\" maxlength=\"400\" class=\"wpcf7-form-control wpcf7-tel wpcf7-text wpcf7-validates-as-tel\" aria-invalid=\"false\" placeholder=\"Telefonnummer\" value=\"\" type=\"tel\" name=\"your-number\" \/><\/span>\n\t\t<\/p>\n\t<\/div>\n<\/div>\n<div class=\"contact-row\">\n\t<p><span class=\"wpcf7-form-control-wrap\" data-name=\"your-message\"><textarea cols=\"40\" rows=\"10\" maxlength=\"2000\" class=\"wpcf7-form-control wpcf7-textarea\" aria-invalid=\"false\" placeholder=\"Botschaft\" name=\"your-message\"><\/textarea><\/span>\n\t<\/p>\n<\/div>\n<p><span class=\"wpcf7-form-control-wrap\" data-name=\"hcap-cf7\">\t\t<input\n\t\t\t\ttype=\"hidden\"\n\t\t\t\tclass=\"hcaptcha-widget-id\"\n\t\t\t\tname=\"hcaptcha-widget-id\"\n\t\t\t\tvalue=\"eyJzb3VyY2UiOlsiY29udGFjdC1mb3JtLTdcL3dwLWNvbnRhY3QtZm9ybS03LnBocCJdLCJmb3JtX2lkIjoxODQ4fQ==-7bac288c814289f3fa9aaf986a5f1d64\">\n\t\t\t\t<span id=\"hcap_cf7-69fa065b967914.36501829\" class=\"wpcf7-form-control h-captcha \"\n\t\t\tdata-sitekey=\"d4e064c4-3466-4e24-a68a-fa3c9b7a5370\"\n\t\t\tdata-theme=\"light\"\n\t\t\tdata-size=\"normal\"\n\t\t\tdata-auto=\"false\"\n\t\t\tdata-ajax=\"false\"\n\t\t\tdata-force=\"true\">\n\t\t<\/span>\n\t\t<input type=\"hidden\" id=\"_wpnonce\" name=\"_wpnonce\" value=\"50ef7a81a5\" \/><input type=\"hidden\" name=\"_wp_http_referer\" value=\"\/de\/wp-json\/wp\/v2\/pages\/468\" \/>\t\t<label for=\"hcap_hp_CVSRk69uNYkj\"><\/label>\n\t\t<input\n\t\t\t\ttype=\"text\" id=\"hcap_hp_CVSRk69uNYkj\" name=\"hcap_hp_CVSRk69uNYkj\" value=\"\"\n\t\t\t\treadonly inputmode=\"none\" autocomplete=\"new-password\" tabindex=\"-1\" aria-hidden=\"true\"\n\t\t\t\tstyle=\"position:absolute; left:-9999px; top:auto; height:0; width:0; opacity:0;\"\/>\n\t\t<input type=\"hidden\" name=\"hcap_hp_sig\" value=\"71983518a4\"\/>\n\t\t<\/span><input class=\"wpcf7-form-control wpcf7-submit has-spinner\" type=\"submit\" value=\"Senden\" \/>\n<\/p><input type='hidden' class='wpcf7-pum' value='{\"closepopup\":false,\"closedelay\":0,\"openpopup\":false,\"openpopup_id\":0}' \/><div class=\"fusion-alert alert custom alert-custom fusion-alert-center wpcf7-response-output fusion-alert-capitalize awb-alert-native-link-color alert-dismissable awb-alert-close-boxed\" style=\"--awb-border-size:1px;--awb-border-top-left-radius:0px;--awb-border-top-right-radius:0px;--awb-border-bottom-left-radius:0px;--awb-border-bottom-right-radius:0px;\" role=\"alert\"><div class=\"fusion-alert-content-wrapper\"><span class=\"fusion-alert-content\"><\/span><\/div><button type=\"button\" class=\"close toggle-alert\" data-dismiss=\"alert\" aria-label=\"Sluiten\">&times;<\/button><\/div>\n<\/form>\n<\/div>\n<div class=\"fusion-clearfix\"><\/div><\/div><\/div><\/div><\/div><div class=\"fusion-fullwidth fullwidth-box fusion-builder-row-3 nonhundred-percent-fullwidth non-hundred-percent-height-scrolling\" style=\"--awb-border-radius-top-left:0px;--awb-border-radius-top-right:0px;--awb-border-radius-bottom-right:0px;--awb-border-radius-bottom-left:0px;--awb-padding-top:30px;--awb-padding-bottom:30px;--awb-flex-wrap:wrap;\" ><div class=\"fusion-builder-row fusion-row\"><div class=\"fusion-layout-column fusion_builder_column fusion-builder-column-3 fusion_builder_column_1_2 1_2 fusion-one-half fusion-column-first\" style=\"--awb-bg-size:cover;--awb-margin-bottom:0px;width:50%;width:calc(50% - ( ( 4% ) * 0.5 ) );margin-right: 4%;\"><div class=\"fusion-column-wrapper fusion-column-has-shadow fusion-flex-column-wrapper-legacy\"><div class=\"fusion-title title fusion-title-2 fusion-sep-none fusion-title-text fusion-title-size-three\"><h3 class=\"fusion-title-heading title-heading-left fusion-responsive-typography-calculated\" style=\"margin:0;--fontSize:42;line-height:1.3;\">\u00d6ffnungszeiten<\/h3><\/div>\n<div class=\"table-2\">\n<table width=\"100%\">\n<thead><\/thead>\n<tbody>\n<tr>\n<td align=\"left\">Mo &#8211; Do:<\/td>\n<td align=\"left\">08:30 &#8211; 12:30 und 13:30 &#8211; 17:00 Uhr<\/td>\n<\/tr>\n<tr>\n<td align=\"left\">Fr:<\/td>\n<td align=\"left\">08:30 &#8211; 12:30 Uhr<\/td>\n<\/tr>\n<\/tbody>\n<\/table>\n<\/div>\n<div class=\"fusion-clearfix\"><\/div><\/div><\/div><div class=\"fusion-layout-column fusion_builder_column fusion-builder-column-4 fusion_builder_column_1_2 1_2 fusion-one-half fusion-column-last fusion-column-no-min-height\" style=\"--awb-bg-size:cover;--awb-margin-bottom:0px;width:50%;width:calc(50% - ( ( 4% ) * 0.5 ) );\"><div class=\"fusion-column-wrapper fusion-column-has-shadow fusion-flex-column-wrapper-legacy\"><div class=\"fusion-title title fusion-title-3 fusion-sep-none fusion-title-text fusion-title-size-three\"><h3 class=\"fusion-title-heading title-heading-left fusion-responsive-typography-calculated\" style=\"margin:0;--fontSize:42;line-height:1.3;\">Anfahrt<\/h3><\/div><div class=\"fusion-builder-row fusion-builder-row-inner fusion-row\"><div class=\"fusion-layout-column fusion_builder_column_inner fusion-builder-nested-column-0 fusion_builder_column_inner_1_2 1_2 fusion-one-half fusion-column-first\" style=\"--awb-bg-size:cover;width:50%;width:calc(50% - ( ( 4% ) * 0.5 ) );margin-right: 4%;\"><div class=\"fusion-column-wrapper fusion-column-has-shadow fusion-flex-column-wrapper-legacy\"><div class=\"fusion-text fusion-text-1\"><p><strong>EUREGIO (1)<\/strong><br \/>\nEnscheder Stra\u00dfe 362<br \/>\nD-48599 Gronau<\/p>\n<\/div><div class=\"fusion-clearfix\"><\/div><\/div><\/div><div class=\"fusion-layout-column fusion_builder_column_inner fusion-builder-nested-column-1 fusion_builder_column_inner_1_2 1_2 fusion-one-half fusion-column-last\" style=\"--awb-bg-size:cover;width:50%;width:calc(50% - ( ( 4% ) * 0.5 ) );\"><div class=\"fusion-column-wrapper fusion-column-has-shadow fusion-flex-column-wrapper-legacy\"><div class=\"fusion-text fusion-text-2\"><p><strong>EUREGIO-Tagungszentrum (2)<\/strong><br \/>\nTerhaar-sive-Droste<br \/>\nGronausestraat 1258-1260<br \/>\nNL-7534 AV Glanerbrug<\/p>\n<\/div><div class=\"fusion-clearfix\"><\/div><\/div><\/div><\/div><div class=\"fusion-text fusion-text-3\"><p><strong>Anreise mit \u00f6ffentlichen Verkehrsmitteln:<\/strong> Wenn Sie mit dem Zug anreisen, k\u00f6nnen Sie aus M\u00fcnster, Dortmund oder Enschede kommend auf der Verbindung Gronau-Enschede an der Haltestelle &#8222;<strong>Glanerbrug<\/strong>&#8220; aussteigen. Von dort laufen Sie in ca. 8 Minuten zur EUREGIO-Gesch\u00e4ftsstelle.<\/p>\n<\/div><div class=\"fusion-clearfix\"><\/div><\/div><\/div><\/div><\/div><div class=\"fusion-fullwidth fullwidth-box fusion-builder-row-4 nonhundred-percent-fullwidth non-hundred-percent-height-scrolling\" style=\"--awb-border-radius-top-left:0px;--awb-border-radius-top-right:0px;--awb-border-radius-bottom-right:0px;--awb-border-radius-bottom-left:0px;--awb-padding-top:30px;--awb-padding-bottom:30px;--awb-flex-wrap:wrap;\" ><div class=\"fusion-builder-row fusion-row\"><div class=\"fusion-layout-column fusion_builder_column fusion-builder-column-5 fusion_builder_column_1_1 1_1 fusion-one-full fusion-column-first fusion-column-last\" style=\"--awb-bg-size:cover;\"><div class=\"fusion-column-wrapper fusion-column-has-shadow fusion-flex-column-wrapper-legacy\"><div class=\"fusion-image-element in-legacy-container\" style=\"--awb-caption-title-font-family:var(--h2_typography-font-family);--awb-caption-title-font-weight:var(--h2_typography-font-weight);--awb-caption-title-font-style:var(--h2_typography-font-style);--awb-caption-title-size:var(--h2_typography-font-size);--awb-caption-title-transform:var(--h2_typography-text-transform);--awb-caption-title-line-height:var(--h2_typography-line-height);--awb-caption-title-letter-spacing:var(--h2_typography-letter-spacing);\"><span class=\" fusion-imageframe imageframe-none imageframe-2 hover-type-none\"><img decoding=\"async\" width=\"1920\" height=\"810\" alt=\"Standorte der EUREGIO: (1) Gesch\u00e4ftsstelle, (2) Tagungszentrum Terhaar sive Droste, (rot umrandet) Haltestelle Glanerbrug, (gepunktete Linie) Fu\u00dfweg\" title=\"Standorte der EUREGIO: (1) Gesch\u00e4ftsstelle, (2) Tagungszentrum Terhaar sive Droste, (rot umrandet) Haltestelle Glanerbrug, (gepunktete Linie) Fu\u00dfweg\" src=\"https:\/\/www.euregio.eu\/wp-content\/uploads\/2022\/06\/Design-ohne-Titel.jpg\" class=\"img-responsive wp-image-6756\" srcset=\"https:\/\/www.euregio.eu\/wp-content\/uploads\/2022\/06\/Design-ohne-Titel-200x84.jpg 200w, https:\/\/www.euregio.eu\/wp-content\/uploads\/2022\/06\/Design-ohne-Titel-400x169.jpg 400w, https:\/\/www.euregio.eu\/wp-content\/uploads\/2022\/06\/Design-ohne-Titel-600x253.jpg 600w, https:\/\/www.euregio.eu\/wp-content\/uploads\/2022\/06\/Design-ohne-Titel-800x338.jpg 800w, https:\/\/www.euregio.eu\/wp-content\/uploads\/2022\/06\/Design-ohne-Titel-1200x506.jpg 1200w, https:\/\/www.euregio.eu\/wp-content\/uploads\/2022\/06\/Design-ohne-Titel.jpg 1920w\" sizes=\"(max-width: 800px) 100vw, 1920px\" \/><\/span><\/div><div class=\"fusion-clearfix\"><\/div><\/div><\/div><\/div><\/div><div class=\"fusion-fullwidth fullwidth-box fusion-builder-row-5 fusion-flex-container nonhundred-percent-fullwidth non-hundred-percent-height-scrolling\" style=\"--awb-border-radius-top-left:0px;--awb-border-radius-top-right:0px;--awb-border-radius-bottom-right:0px;--awb-border-radius-bottom-left:0px;--awb-flex-wrap:wrap;\" ><div class=\"fusion-builder-row fusion-row fusion-flex-align-items-flex-start fusion-flex-content-wrap\" style=\"max-width:1248px;margin-left: calc(-4% \/ 2 );margin-right: calc(-4% \/ 2 );\"><div class=\"fusion-layout-column fusion_builder_column fusion-builder-column-6 fusion_builder_column_2_3 2_3 fusion-flex-column\" style=\"--awb-bg-size:cover;--awb-width-large:66.666666666667%;--awb-margin-top-large:0px;--awb-spacing-right-large:2.88%;--awb-margin-bottom-large:32px;--awb-spacing-left-large:2.88%;--awb-width-medium:100%;--awb-order-medium:0;--awb-spacing-right-medium:1.92%;--awb-spacing-left-medium:1.92%;--awb-width-small:100%;--awb-order-small:0;--awb-spacing-right-small:1.92%;--awb-spacing-left-small:1.92%;\"><div class=\"fusion-column-wrapper fusion-column-has-shadow fusion-flex-justify-content-flex-start fusion-content-layout-column\"><div class=\"fusion-title title fusion-title-4 fusion-sep-none fusion-title-text fusion-title-size-three\"><h3 class=\"fusion-title-heading title-heading-left fusion-responsive-typography-calculated\" style=\"margin:0;--fontSize:42;line-height:1.3;\">Presse und Medien<\/h3><\/div><div class=\"fusion-text fusion-text-4\"><div class=\"fusion-text fusion-text-3\">\n<p><strong>Sind Sie Journalist:in und haben Sie Fragen? Kontaktieren Sie uns!<\/strong><\/p>\n<\/div>\n<\/div><p><div class=\"team-wrapper\"><div class=\"team-container col-2\"><div class=\"team-image\"><img decoding=\"async\" src=\"https:\/\/www.euregio.eu\/wp-content\/uploads\/2020\/09\/Euregio-6.jpg\"\/><a href=\"mailto:m.perou@euregio.eu\" target=\"_blank\"><i class=\"far fa-envelope\"><\/i><\/a><a href=\"tel:+49256270256\" target=\"_blank\"><i class=\"fas fa-phone\"><\/i><\/a><div class=\"team-hover-container\"><a href=\"mailto:m.perou@euregio.eu\" target=\"_blank\"><i class=\"far fa-envelope\"><\/i> m.perou@euregio.eu<\/a><a href=\"tel:+49256270256\" target=\"_blank\"><i class=\"fas fa-phone\"><\/i> +49256270256<\/a><\/div><\/div><div class=\"team-function\">Marie-Lou Perou - \u00d6ffentlichkeitsarbeit & Kommunikation<\/div><\/div><div class=\"team-container col-2\"><div class=\"team-image\"><img decoding=\"async\" src=\"https:\/\/www.euregio.eu\/wp-content\/uploads\/2020\/09\/Euregio-12.jpg\"\/><a href=\"mailto:c.vandersluis@euregio.eu\" target=\"_blank\"><i class=\"far fa-envelope\"><\/i><\/a><a href=\"tel:+49256270241\" target=\"_blank\"><i class=\"fas fa-phone\"><\/i><\/a><div class=\"team-hover-container\"><a href=\"mailto:c.vandersluis@euregio.eu\" target=\"_blank\"><i class=\"far fa-envelope\"><\/i> c.vandersluis@euregio.eu<\/a><a href=\"tel:+49256270241\" target=\"_blank\"><i class=\"fas fa-phone\"><\/i> +49256270241<\/a><\/div><\/div><div class=\"team-function\">Carmen van der Sluis - INTERREG Regionales Programmmanagement<\/div><\/div><\/div><\/p><\/div><\/div><\/div><\/div><\/p>\n","protected":false},"excerpt":{"rendered":"","protected":false},"author":1,"featured_media":431,"parent":0,"menu_order":0,"comment_status":"closed","ping_status":"closed","template":"","meta":{"footnotes":""},"class_list":["post-468","page","type-page","status-publish","has-post-thumbnail","hentry"],"yoast_head":"<!-- This site is optimized with the Yoast SEO plugin v26.4 - https:\/\/yoast.com\/wordpress\/plugins\/seo\/ -->\n<title>Kontakt - EUREGIO<\/title>\n<meta name=\"description\" content=\"W\u00fcnschen Sie mehr Informationen dar\u00fcber, was die EUREGIO f\u00fcr Sie bedeuten kann? Nutzen Sie das Kontaktformular, Telefon oder E-Mail.\" \/>\n<meta name=\"robots\" content=\"index, follow, max-snippet:-1, max-image-preview:large, max-video-preview:-1\" \/>\n<link rel=\"canonical\" href=\"https:\/\/www.euregio.eu\/de\/kontakt\/\" \/>\n<meta property=\"og:locale\" content=\"de_DE\" \/>\n<meta property=\"og:type\" content=\"article\" \/>\n<meta property=\"og:title\" content=\"Kontakt - EUREGIO\" \/>\n<meta property=\"og:description\" content=\"W\u00fcnschen Sie mehr Informationen dar\u00fcber, was die EUREGIO f\u00fcr Sie bedeuten kann? Nutzen Sie das Kontaktformular, Telefon oder E-Mail.\" \/>\n<meta property=\"og:url\" content=\"https:\/\/www.euregio.eu\/de\/kontakt\/\" \/>\n<meta property=\"og:site_name\" content=\"EUREGIO\" \/>\n<meta property=\"article:modified_time\" content=\"2024-11-27T09:17:41+00:00\" \/>\n<meta property=\"og:image\" content=\"https:\/\/www.euregio.eu\/wp-content\/uploads\/2020\/05\/header-bg.jpg\" \/>\n\t<meta property=\"og:image:width\" content=\"1920\" \/>\n\t<meta property=\"og:image:height\" content=\"350\" \/>\n\t<meta property=\"og:image:type\" content=\"image\/jpeg\" \/>\n<meta name=\"twitter:card\" content=\"summary_large_image\" \/>\n<meta name=\"twitter:label1\" content=\"Gesch\u00e4tzte Lesezeit\" \/>\n\t<meta name=\"twitter:data1\" content=\"2\u00a0Minuten\" \/>\n<script type=\"application\/ld+json\" class=\"yoast-schema-graph\">{\"@context\":\"https:\/\/schema.org\",\"@graph\":[{\"@type\":\"WebPage\",\"@id\":\"https:\/\/www.euregio.eu\/de\/kontakt\/\",\"url\":\"https:\/\/www.euregio.eu\/de\/kontakt\/\",\"name\":\"Kontakt - EUREGIO\",\"isPartOf\":{\"@id\":\"https:\/\/www.euregio.eu\/de\/#website\"},\"primaryImageOfPage\":{\"@id\":\"https:\/\/www.euregio.eu\/de\/kontakt\/#primaryimage\"},\"image\":{\"@id\":\"https:\/\/www.euregio.eu\/de\/kontakt\/#primaryimage\"},\"thumbnailUrl\":\"https:\/\/www.euregio.eu\/wp-content\/uploads\/2020\/05\/header-bg.jpg\",\"datePublished\":\"2020-01-13T12:08:31+00:00\",\"dateModified\":\"2024-11-27T09:17:41+00:00\",\"description\":\"W\u00fcnschen Sie mehr Informationen dar\u00fcber, was die EUREGIO f\u00fcr Sie bedeuten kann? Nutzen Sie das Kontaktformular, Telefon oder E-Mail.\",\"breadcrumb\":{\"@id\":\"https:\/\/www.euregio.eu\/de\/kontakt\/#breadcrumb\"},\"inLanguage\":\"de\",\"potentialAction\":[{\"@type\":\"ReadAction\",\"target\":[\"https:\/\/www.euregio.eu\/de\/kontakt\/\"]}]},{\"@type\":\"ImageObject\",\"inLanguage\":\"de\",\"@id\":\"https:\/\/www.euregio.eu\/de\/kontakt\/#primaryimage\",\"url\":\"https:\/\/www.euregio.eu\/wp-content\/uploads\/2020\/05\/header-bg.jpg\",\"contentUrl\":\"https:\/\/www.euregio.eu\/wp-content\/uploads\/2020\/05\/header-bg.jpg\",\"width\":1920,\"height\":350},{\"@type\":\"BreadcrumbList\",\"@id\":\"https:\/\/www.euregio.eu\/de\/kontakt\/#breadcrumb\",\"itemListElement\":[{\"@type\":\"ListItem\",\"position\":1,\"name\":\"Home\",\"item\":\"https:\/\/www.euregio.eu\/de\/\"},{\"@type\":\"ListItem\",\"position\":2,\"name\":\"Kontakt\"}]},{\"@type\":\"WebSite\",\"@id\":\"https:\/\/www.euregio.eu\/de\/#website\",\"url\":\"https:\/\/www.euregio.eu\/de\/\",\"name\":\"EUREGIO\",\"description\":\"\",\"potentialAction\":[{\"@type\":\"SearchAction\",\"target\":{\"@type\":\"EntryPoint\",\"urlTemplate\":\"https:\/\/www.euregio.eu\/de\/?s={search_term_string}\"},\"query-input\":{\"@type\":\"PropertyValueSpecification\",\"valueRequired\":true,\"valueName\":\"search_term_string\"}}],\"inLanguage\":\"de\"}]}<\/script>\n<!-- \/ Yoast SEO plugin. -->","yoast_head_json":{"title":"Kontakt - EUREGIO","description":"W\u00fcnschen Sie mehr Informationen dar\u00fcber, was die EUREGIO f\u00fcr Sie bedeuten kann? Nutzen Sie das Kontaktformular, Telefon oder E-Mail.","robots":{"index":"index","follow":"follow","max-snippet":"max-snippet:-1","max-image-preview":"max-image-preview:large","max-video-preview":"max-video-preview:-1"},"canonical":"https:\/\/www.euregio.eu\/de\/kontakt\/","og_locale":"de_DE","og_type":"article","og_title":"Kontakt - EUREGIO","og_description":"W\u00fcnschen Sie mehr Informationen dar\u00fcber, was die EUREGIO f\u00fcr Sie bedeuten kann? Nutzen Sie das Kontaktformular, Telefon oder E-Mail.","og_url":"https:\/\/www.euregio.eu\/de\/kontakt\/","og_site_name":"EUREGIO","article_modified_time":"2024-11-27T09:17:41+00:00","og_image":[{"width":1920,"height":350,"url":"https:\/\/www.euregio.eu\/wp-content\/uploads\/2020\/05\/header-bg.jpg","type":"image\/jpeg"}],"twitter_card":"summary_large_image","twitter_misc":{"Gesch\u00e4tzte Lesezeit":"2\u00a0Minuten"},"schema":{"@context":"https:\/\/schema.org","@graph":[{"@type":"WebPage","@id":"https:\/\/www.euregio.eu\/de\/kontakt\/","url":"https:\/\/www.euregio.eu\/de\/kontakt\/","name":"Kontakt - EUREGIO","isPartOf":{"@id":"https:\/\/www.euregio.eu\/de\/#website"},"primaryImageOfPage":{"@id":"https:\/\/www.euregio.eu\/de\/kontakt\/#primaryimage"},"image":{"@id":"https:\/\/www.euregio.eu\/de\/kontakt\/#primaryimage"},"thumbnailUrl":"https:\/\/www.euregio.eu\/wp-content\/uploads\/2020\/05\/header-bg.jpg","datePublished":"2020-01-13T12:08:31+00:00","dateModified":"2024-11-27T09:17:41+00:00","description":"W\u00fcnschen Sie mehr Informationen dar\u00fcber, was die EUREGIO f\u00fcr Sie bedeuten kann? Nutzen Sie das Kontaktformular, Telefon oder E-Mail.","breadcrumb":{"@id":"https:\/\/www.euregio.eu\/de\/kontakt\/#breadcrumb"},"inLanguage":"de","potentialAction":[{"@type":"ReadAction","target":["https:\/\/www.euregio.eu\/de\/kontakt\/"]}]},{"@type":"ImageObject","inLanguage":"de","@id":"https:\/\/www.euregio.eu\/de\/kontakt\/#primaryimage","url":"https:\/\/www.euregio.eu\/wp-content\/uploads\/2020\/05\/header-bg.jpg","contentUrl":"https:\/\/www.euregio.eu\/wp-content\/uploads\/2020\/05\/header-bg.jpg","width":1920,"height":350},{"@type":"BreadcrumbList","@id":"https:\/\/www.euregio.eu\/de\/kontakt\/#breadcrumb","itemListElement":[{"@type":"ListItem","position":1,"name":"Home","item":"https:\/\/www.euregio.eu\/de\/"},{"@type":"ListItem","position":2,"name":"Kontakt"}]},{"@type":"WebSite","@id":"https:\/\/www.euregio.eu\/de\/#website","url":"https:\/\/www.euregio.eu\/de\/","name":"EUREGIO","description":"","potentialAction":[{"@type":"SearchAction","target":{"@type":"EntryPoint","urlTemplate":"https:\/\/www.euregio.eu\/de\/?s={search_term_string}"},"query-input":{"@type":"PropertyValueSpecification","valueRequired":true,"valueName":"search_term_string"}}],"inLanguage":"de"}]}},"_links":{"self":[{"href":"https:\/\/www.euregio.eu\/de\/wp-json\/wp\/v2\/pages\/468","targetHints":{"allow":["GET"]}}],"collection":[{"href":"https:\/\/www.euregio.eu\/de\/wp-json\/wp\/v2\/pages"}],"about":[{"href":"https:\/\/www.euregio.eu\/de\/wp-json\/wp\/v2\/types\/page"}],"author":[{"embeddable":true,"href":"https:\/\/www.euregio.eu\/de\/wp-json\/wp\/v2\/users\/1"}],"replies":[{"embeddable":true,"href":"https:\/\/www.euregio.eu\/de\/wp-json\/wp\/v2\/comments?post=468"}],"version-history":[{"count":101,"href":"https:\/\/www.euregio.eu\/de\/wp-json\/wp\/v2\/pages\/468\/revisions"}],"predecessor-version":[{"id":12394,"href":"https:\/\/www.euregio.eu\/de\/wp-json\/wp\/v2\/pages\/468\/revisions\/12394"}],"wp:featuredmedia":[{"embeddable":true,"href":"https:\/\/www.euregio.eu\/de\/wp-json\/wp\/v2\/media\/431"}],"wp:attachment":[{"href":"https:\/\/www.euregio.eu\/de\/wp-json\/wp\/v2\/media?parent=468"}],"curies":[{"name":"wp","href":"https:\/\/api.w.org\/{rel}","templated":true}]}}