{"id":1621,"date":"2020-09-09T15:48:44","date_gmt":"2020-09-09T14:48:44","guid":{"rendered":"https:\/\/www.euregio.eu\/wer-wir-sind\/mission-vision\/"},"modified":"2026-03-03T16:03:06","modified_gmt":"2026-03-03T15:03:06","slug":"mission-und-vision","status":"publish","type":"page","link":"https:\/\/www.euregio.eu\/de\/wer-wir-sind\/mission-und-vision\/","title":{"rendered":"Mission &#038; Vision"},"content":{"rendered":"<p><div class=\"fusion-fullwidth fullwidth-box fusion-builder-row-1 nonhundred-percent-fullwidth non-hundred-percent-height-scrolling\" style=\"--awb-border-radius-top-left:0px;--awb-border-radius-top-right:0px;--awb-border-radius-bottom-right:0px;--awb-border-radius-bottom-left:0px;--awb-flex-wrap:wrap;\" ><div class=\"fusion-builder-row fusion-row\"><div class=\"fusion-layout-column fusion_builder_column fusion-builder-column-0 fusion_builder_column_1_1 1_1 fusion-one-full fusion-column-first fusion-column-last\" style=\"--awb-bg-size:cover;\"><div class=\"fusion-column-wrapper fusion-column-has-shadow fusion-flex-column-wrapper-legacy\"><div class=\"fusion-text fusion-text-1 awb-text-cols fusion-text-columns-2\" style=\"--awb-columns:2;--awb-column-spacing:2em;--awb-column-min-width:100px;\"><p><strong>Grenzen \u00fcberwinden \u2013 auch im Kopf! Ob Kultur, Sprache oder nationale Grenze: Barrieren kann es zwischen zwei L\u00e4ndern auf den verschiedensten Ebenen geben. Trotz offener europ\u00e4ischer Binnengrenzen sind es h\u00e4ufig \u201edie Grenzen in den K\u00f6pfen\u201c der Menschen, die den Blick \u00fcber die Grenze erschweren. Vor diesem Hintergrund macht sich die EUREGIO f\u00fcr ein einfacheres Miteinander im Grenzgebiet zwischen den Niederlanden und Deutschland stark. Dabei ist der grenz\u00fcbergreifende Zweckverband Drehscheibe und \u201eBr\u00fccke\u201c zwischen beiden L\u00e4ndern. Die Grenzregion bietet eine Vielfalt an Chancen: Das Beste aus zwei Welten! Und das alles direkt vor der eigenen Haust\u00fcr. Die EUREGIO engagiert sich seit 1958 f\u00fcr den Aufbau und die St\u00e4rkung grenz\u00fcberschreitender Zusammenarbeit und Strukturen im deutsch-niederl\u00e4ndischen Grenzgebiet. Grundlage daf\u00fcr ist unser grenz\u00fcberschreitender Zusammenschluss in einem Gebiet von 128 deutschen und niederl\u00e4ndischen St\u00e4dten, (Samt-)Gemeinden, (Land-)Kreisen und Waterschappen.<\/strong><\/p>\n<\/div><div class=\"fusion-clearfix\"><\/div><\/div><\/div><\/div><\/div><div class=\"fusion-fullwidth fullwidth-box fusion-builder-row-2 nonhundred-percent-fullwidth non-hundred-percent-height-scrolling\" style=\"--awb-border-radius-top-left:0px;--awb-border-radius-top-right:0px;--awb-border-radius-bottom-right:0px;--awb-border-radius-bottom-left:0px;--awb-flex-wrap:wrap;\" ><div class=\"fusion-builder-row fusion-row\"><div class=\"fusion-layout-column fusion_builder_column fusion-builder-column-1 fusion_builder_column_1_1 1_1 fusion-one-full fusion-column-first fusion-column-last\" style=\"--awb-bg-size:cover;\"><div class=\"fusion-column-wrapper fusion-column-has-shadow fusion-flex-column-wrapper-legacy\"><div class=\"fusion-clearfix\"><\/div><\/div><\/div><div class=\"fusion-layout-column fusion_builder_column fusion-builder-column-2 fusion_builder_column_1_2 1_2 fusion-one-half fusion-column-first\" style=\"--awb-bg-size:cover;width:50%;width:calc(50% - ( ( 4% ) * 0.5 ) );margin-right: 4%;\"><div class=\"fusion-column-wrapper fusion-column-has-shadow fusion-flex-column-wrapper-legacy\"><div class=\"fusion-title title fusion-title-1 fusion-sep-none fusion-title-text fusion-title-size-two\"><h2 class=\"fusion-title-heading title-heading-left fusion-responsive-typography-calculated\" style=\"margin:0;--fontSize:46;line-height:1.3;\">Traumziel? Zusammen leben in einer &#8222;grenzenlosen&#8220; Stadt-Land-Region!<\/h2><\/div><div class=\"fusion-text fusion-text-2\"><p>Alle Bestrebungen der EUREGIO verfolgen ein Ziel: Die starken Teilregionen sollen zu <strong>\u201eeinem\u201c gemeinsamen Gebiet<\/strong> zusammenwachsen, zu einem zusammenh\u00e4ngenden und starken Lebens- und Wirtschaftsraum werden, <strong>in dem die Grenze keine hemmende Wirkung<\/strong> mehr hat. Es geht darum, die Wirtschaftskraft und die Lebensqualit\u00e4t in der Region weiter zu steigern und die Integration des Gebiets voran zu treiben. <strong>Schlie\u00dflich ist das Ganze mehr als die Summe seiner Teile<\/strong>. Zufrieden sind wir erst, wenn das grenzenlose Versorgungsgebiet von seinen Bewohnern auch als ein solches erlebt wird.<\/p>\n<\/div><div class=\"fusion-clearfix\"><\/div><\/div><\/div><div class=\"fusion-layout-column fusion_builder_column fusion-builder-column-3 fusion_builder_column_1_2 1_2 fusion-one-half fusion-column-last\" style=\"--awb-bg-size:cover;width:50%;width:calc(50% - ( ( 4% ) * 0.5 ) );\"><div class=\"fusion-column-wrapper fusion-column-has-shadow fusion-flex-column-wrapper-legacy\"><div class=\"fusion-image-element in-legacy-container\" style=\"--awb-caption-title-font-family:var(--h2_typography-font-family);--awb-caption-title-font-weight:var(--h2_typography-font-weight);--awb-caption-title-font-style:var(--h2_typography-font-style);--awb-caption-title-size:var(--h2_typography-font-size);--awb-caption-title-transform:var(--h2_typography-text-transform);--awb-caption-title-line-height:var(--h2_typography-line-height);--awb-caption-title-letter-spacing:var(--h2_typography-letter-spacing);\"><span class=\" fusion-imageframe imageframe-none imageframe-1 hover-type-none\"><img decoding=\"async\" width=\"1200\" height=\"800\" alt=\"EUREGIO_-_Abbildung_Metropolregion_EUREGIO\" title=\"EUREGIO_-_Abbildung_Metropolregion_EUREGIO\" src=\"https:\/\/www.euregio.eu\/wp-content\/uploads\/2020\/10\/EU002-Website_metropoolregio.png\" class=\"img-responsive wp-image-2716\" srcset=\"https:\/\/www.euregio.eu\/wp-content\/uploads\/2020\/10\/EU002-Website_metropoolregio-200x133.png 200w, https:\/\/www.euregio.eu\/wp-content\/uploads\/2020\/10\/EU002-Website_metropoolregio-400x267.png 400w, https:\/\/www.euregio.eu\/wp-content\/uploads\/2020\/10\/EU002-Website_metropoolregio-600x400.png 600w, https:\/\/www.euregio.eu\/wp-content\/uploads\/2020\/10\/EU002-Website_metropoolregio-800x533.png 800w, https:\/\/www.euregio.eu\/wp-content\/uploads\/2020\/10\/EU002-Website_metropoolregio.png 1200w\" sizes=\"(max-width: 800px) 100vw, 600px\" \/><\/span><\/div><div class=\"fusion-clearfix\"><\/div><\/div><\/div><\/div><\/div><div class=\"fusion-fullwidth fullwidth-box fusion-builder-row-3 nonhundred-percent-fullwidth non-hundred-percent-height-scrolling\" style=\"--awb-border-radius-top-left:0px;--awb-border-radius-top-right:0px;--awb-border-radius-bottom-right:0px;--awb-border-radius-bottom-left:0px;--awb-flex-wrap:wrap;\" ><div class=\"fusion-builder-row fusion-row\"><div class=\"fusion-layout-column fusion_builder_column fusion-builder-column-4 fusion_builder_column_1_1 1_1 fusion-one-full fusion-column-first fusion-column-last\" style=\"--awb-bg-size:cover;\"><div class=\"fusion-column-wrapper fusion-column-has-shadow fusion-flex-column-wrapper-legacy\"><div class=\"fusion-clearfix\"><\/div><\/div><\/div><div class=\"fusion-layout-column fusion_builder_column fusion-builder-column-5 fusion_builder_column_1_2 1_2 fusion-one-half fusion-column-first\" style=\"--awb-bg-size:cover;width:50%;width:calc(50% - ( ( 4% ) * 0.5 ) );margin-right: 4%;\"><div class=\"fusion-column-wrapper fusion-column-has-shadow fusion-flex-column-wrapper-legacy\"><div class=\"fusion-image-element in-legacy-container\" style=\"--awb-caption-title-font-family:var(--h2_typography-font-family);--awb-caption-title-font-weight:var(--h2_typography-font-weight);--awb-caption-title-font-style:var(--h2_typography-font-style);--awb-caption-title-size:var(--h2_typography-font-size);--awb-caption-title-transform:var(--h2_typography-text-transform);--awb-caption-title-line-height:var(--h2_typography-line-height);--awb-caption-title-letter-spacing:var(--h2_typography-letter-spacing);\"><span class=\" fusion-imageframe imageframe-none imageframe-2 hover-type-none\"><a class=\"fusion-no-lightbox\" href=\"https:\/\/cloud.euregio.de\/index.php\/s\/9YWY87qFvHDTSlv\" target=\"_blank\" aria-label=\"Strategie EUREGIO 2030 &#8211; Nu downloaden en meedenken!\" rel=\"noopener noreferrer\"><img decoding=\"async\" width=\"1620\" height=\"1080\" alt=\"Strategie EUREGIO 2030 - NL\" src=\"https:\/\/www.euregio.eu\/wp-content\/uploads\/2020\/09\/Strategie-EUREGIO-2030_NL.jpg\" class=\"img-responsive wp-image-1331\" srcset=\"https:\/\/www.euregio.eu\/wp-content\/uploads\/2020\/09\/Strategie-EUREGIO-2030_NL-200x133.jpg 200w, https:\/\/www.euregio.eu\/wp-content\/uploads\/2020\/09\/Strategie-EUREGIO-2030_NL-400x267.jpg 400w, https:\/\/www.euregio.eu\/wp-content\/uploads\/2020\/09\/Strategie-EUREGIO-2030_NL-600x400.jpg 600w, https:\/\/www.euregio.eu\/wp-content\/uploads\/2020\/09\/Strategie-EUREGIO-2030_NL-800x533.jpg 800w, https:\/\/www.euregio.eu\/wp-content\/uploads\/2020\/09\/Strategie-EUREGIO-2030_NL-1200x800.jpg 1200w, https:\/\/www.euregio.eu\/wp-content\/uploads\/2020\/09\/Strategie-EUREGIO-2030_NL.jpg 1620w\" sizes=\"(max-width: 800px) 100vw, 600px\" \/><\/a><\/span><\/div><div class=\"fusion-clearfix\"><\/div><\/div><\/div><div class=\"fusion-layout-column fusion_builder_column fusion-builder-column-6 fusion_builder_column_1_2 1_2 fusion-one-half fusion-column-last\" style=\"--awb-bg-size:cover;width:50%;width:calc(50% - ( ( 4% ) * 0.5 ) );\"><div class=\"fusion-column-wrapper fusion-column-has-shadow fusion-flex-column-wrapper-legacy\"><div class=\"fusion-title title fusion-title-2 fusion-sep-none fusion-title-text fusion-title-size-two\"><h2 class=\"fusion-title-heading title-heading-left fusion-responsive-typography-calculated\" style=\"margin:0;--fontSize:46;line-height:1.3;\">Strategie EUREGIO 2030<\/h2><\/div><div class=\"fusion-text fusion-text-3\"><p>Die Vision \u201eeines\u201c Versorgungsgebietes folgt auch der \u00dcberzeugung, dass die EUREGIO <strong>Europa im Kleinen<\/strong> ist. Bei uns wird Europa vor Ort sp\u00fcrbar und erfahrbar. Wir setzen europ\u00e4ische Ziele und Politiken um und bringen das oftmals abstrakte Europa <strong>in konkretem Handeln zu den B\u00fcrgern<\/strong>. Der Mehrwert der europ\u00e4ischen Integration wird auch durch unsere Arbeit deutlich und hat unmittelbare Auswirkungen auf das Leben der Menschen in der Region. Unter dem Motto &#8222;Grenzregionen formen Europa&#8220; leisten wir somit einen Beitrag zur europ\u00e4ischen Einigung und zum sozialen, wirtschaftlichen und territorialen Zusammenhalt. In einem ganzheitlichen strategischen Entwicklungskonzept haben wir festgelegt, wie wir unser Ziel erreichen werden: <strong>EUREGIO 2030<\/strong>.<\/p>\n<\/div><div class=\"fusion-button-wrapper\"><a class=\"fusion-button button-flat fusion-button-default-size button-default fusion-button-default button-1 fusion-button-default-span fusion-button-default-type\" style=\"--button_margin-top:-1px;--button_margin-bottom:15px;\" target=\"_blank\" rel=\"noopener noreferrer\" href=\"https:\/\/www.euregio.eu\/wp-content\/uploads\/2021\/03\/EUREGIO_2030_D.pdf\"><i class=\"fa-arrow-alt-circle-down fas awb-button__icon awb-button__icon--default button-icon-left\" aria-hidden=\"true\"><\/i><span class=\"fusion-button-text awb-button__text awb-button__text--default\">Jetzt downloaden &amp; mitdenken! <\/span><\/a><\/div><div class=\"fusion-clearfix\"><\/div><\/div><\/div><\/div><\/div><div class=\"fusion-fullwidth fullwidth-box fusion-builder-row-4 fusion-flex-container nonhundred-percent-fullwidth non-hundred-percent-height-scrolling\" style=\"--awb-border-radius-top-left:0px;--awb-border-radius-top-right:0px;--awb-border-radius-bottom-right:0px;--awb-border-radius-bottom-left:0px;--awb-flex-wrap:wrap;\" ><div class=\"fusion-builder-row fusion-row fusion-flex-align-items-flex-start fusion-flex-content-wrap\" style=\"max-width:1248px;margin-left: calc(-4% \/ 2 );margin-right: calc(-4% \/ 2 );\"><div class=\"fusion-layout-column fusion_builder_column fusion-builder-column-7 fusion_builder_column_1_2 1_2 fusion-flex-column\" style=\"--awb-bg-size:cover;--awb-width-large:50%;--awb-margin-top-large:0px;--awb-spacing-right-large:3.84%;--awb-margin-bottom-large:32px;--awb-spacing-left-large:3.84%;--awb-width-medium:100%;--awb-order-medium:0;--awb-spacing-right-medium:1.92%;--awb-spacing-left-medium:1.92%;--awb-width-small:100%;--awb-order-small:0;--awb-spacing-right-small:1.92%;--awb-spacing-left-small:1.92%;\"><div class=\"fusion-column-wrapper fusion-column-has-shadow fusion-flex-justify-content-flex-start fusion-content-layout-column\"><\/div><\/div><div class=\"fusion-layout-column fusion_builder_column fusion-builder-column-8 fusion_builder_column_1_2 1_2 fusion-flex-column\" style=\"--awb-bg-size:cover;--awb-width-large:50%;--awb-margin-top-large:0px;--awb-spacing-right-large:3.84%;--awb-margin-bottom-large:32px;--awb-spacing-left-large:3.84%;--awb-width-medium:100%;--awb-order-medium:0;--awb-spacing-right-medium:1.92%;--awb-spacing-left-medium:1.92%;--awb-width-small:100%;--awb-order-small:0;--awb-spacing-right-small:1.92%;--awb-spacing-left-small:1.92%;\"><div class=\"fusion-column-wrapper fusion-column-has-shadow fusion-flex-justify-content-flex-start fusion-content-layout-column\"><\/div><\/div><\/div><\/div><\/p>\n","protected":false},"excerpt":{"rendered":"","protected":false},"author":3,"featured_media":0,"parent":466,"menu_order":0,"comment_status":"closed","ping_status":"closed","template":"","meta":{"footnotes":""},"class_list":["post-1621","page","type-page","status-publish","hentry"],"yoast_head":"<!-- This site is optimized with the Yoast SEO plugin v26.4 - https:\/\/yoast.com\/wordpress\/plugins\/seo\/ -->\n<title>Mission &amp; Vision - EUREGIO<\/title>\n<meta name=\"description\" content=\"Das Ziel der EUREGIO ist es, starke Teilregionen zu \u201eeiner\u201c gemeinsamen Metropolregion zusammenwachsen zu lassen. Lesen Sie unsere Mission und Vision!\" \/>\n<meta name=\"robots\" content=\"index, follow, max-snippet:-1, max-image-preview:large, max-video-preview:-1\" \/>\n<link rel=\"canonical\" href=\"https:\/\/www.euregio.eu\/de\/wer-wir-sind\/mission-und-vision\/\" \/>\n<meta property=\"og:locale\" content=\"de_DE\" \/>\n<meta property=\"og:type\" content=\"article\" \/>\n<meta property=\"og:title\" content=\"Mission &amp; Vision - EUREGIO\" \/>\n<meta property=\"og:description\" content=\"Das Ziel der EUREGIO ist es, starke Teilregionen zu \u201eeiner\u201c gemeinsamen Metropolregion zusammenwachsen zu lassen. Lesen Sie unsere Mission und Vision!\" \/>\n<meta property=\"og:url\" content=\"https:\/\/www.euregio.eu\/de\/wer-wir-sind\/mission-und-vision\/\" \/>\n<meta property=\"og:site_name\" content=\"EUREGIO\" \/>\n<meta property=\"article:modified_time\" content=\"2026-03-03T15:03:06+00:00\" \/>\n<meta name=\"twitter:card\" content=\"summary_large_image\" \/>\n<meta name=\"twitter:label1\" content=\"Gesch\u00e4tzte Lesezeit\" \/>\n\t<meta name=\"twitter:data1\" content=\"4\u00a0Minuten\" \/>\n<script type=\"application\/ld+json\" class=\"yoast-schema-graph\">{\"@context\":\"https:\/\/schema.org\",\"@graph\":[{\"@type\":\"WebPage\",\"@id\":\"https:\/\/www.euregio.eu\/de\/wer-wir-sind\/mission-und-vision\/\",\"url\":\"https:\/\/www.euregio.eu\/de\/wer-wir-sind\/mission-und-vision\/\",\"name\":\"Mission & Vision - EUREGIO\",\"isPartOf\":{\"@id\":\"https:\/\/www.euregio.eu\/de\/#website\"},\"datePublished\":\"2020-09-09T14:48:44+00:00\",\"dateModified\":\"2026-03-03T15:03:06+00:00\",\"description\":\"Das Ziel der EUREGIO ist es, starke Teilregionen zu \u201eeiner\u201c gemeinsamen Metropolregion zusammenwachsen zu lassen. Lesen Sie unsere Mission und Vision!\",\"breadcrumb\":{\"@id\":\"https:\/\/www.euregio.eu\/de\/wer-wir-sind\/mission-und-vision\/#breadcrumb\"},\"inLanguage\":\"de\",\"potentialAction\":[{\"@type\":\"ReadAction\",\"target\":[\"https:\/\/www.euregio.eu\/de\/wer-wir-sind\/mission-und-vision\/\"]}]},{\"@type\":\"BreadcrumbList\",\"@id\":\"https:\/\/www.euregio.eu\/de\/wer-wir-sind\/mission-und-vision\/#breadcrumb\",\"itemListElement\":[{\"@type\":\"ListItem\",\"position\":1,\"name\":\"Home\",\"item\":\"https:\/\/www.euregio.eu\/de\/\"},{\"@type\":\"ListItem\",\"position\":2,\"name\":\"Wer wir sind\",\"item\":\"https:\/\/www.euregio.eu\/de\/wer-wir-sind\/\"},{\"@type\":\"ListItem\",\"position\":3,\"name\":\"Mission &#038; Vision\"}]},{\"@type\":\"WebSite\",\"@id\":\"https:\/\/www.euregio.eu\/de\/#website\",\"url\":\"https:\/\/www.euregio.eu\/de\/\",\"name\":\"EUREGIO\",\"description\":\"\",\"potentialAction\":[{\"@type\":\"SearchAction\",\"target\":{\"@type\":\"EntryPoint\",\"urlTemplate\":\"https:\/\/www.euregio.eu\/de\/?s={search_term_string}\"},\"query-input\":{\"@type\":\"PropertyValueSpecification\",\"valueRequired\":true,\"valueName\":\"search_term_string\"}}],\"inLanguage\":\"de\"}]}<\/script>\n<!-- \/ Yoast SEO plugin. -->","yoast_head_json":{"title":"Mission & Vision - EUREGIO","description":"Das Ziel der EUREGIO ist es, starke Teilregionen zu \u201eeiner\u201c gemeinsamen Metropolregion zusammenwachsen zu lassen. Lesen Sie unsere Mission und Vision!","robots":{"index":"index","follow":"follow","max-snippet":"max-snippet:-1","max-image-preview":"max-image-preview:large","max-video-preview":"max-video-preview:-1"},"canonical":"https:\/\/www.euregio.eu\/de\/wer-wir-sind\/mission-und-vision\/","og_locale":"de_DE","og_type":"article","og_title":"Mission & Vision - EUREGIO","og_description":"Das Ziel der EUREGIO ist es, starke Teilregionen zu \u201eeiner\u201c gemeinsamen Metropolregion zusammenwachsen zu lassen. Lesen Sie unsere Mission und Vision!","og_url":"https:\/\/www.euregio.eu\/de\/wer-wir-sind\/mission-und-vision\/","og_site_name":"EUREGIO","article_modified_time":"2026-03-03T15:03:06+00:00","twitter_card":"summary_large_image","twitter_misc":{"Gesch\u00e4tzte Lesezeit":"4\u00a0Minuten"},"schema":{"@context":"https:\/\/schema.org","@graph":[{"@type":"WebPage","@id":"https:\/\/www.euregio.eu\/de\/wer-wir-sind\/mission-und-vision\/","url":"https:\/\/www.euregio.eu\/de\/wer-wir-sind\/mission-und-vision\/","name":"Mission & Vision - EUREGIO","isPartOf":{"@id":"https:\/\/www.euregio.eu\/de\/#website"},"datePublished":"2020-09-09T14:48:44+00:00","dateModified":"2026-03-03T15:03:06+00:00","description":"Das Ziel der EUREGIO ist es, starke Teilregionen zu \u201eeiner\u201c gemeinsamen Metropolregion zusammenwachsen zu lassen. Lesen Sie unsere Mission und Vision!","breadcrumb":{"@id":"https:\/\/www.euregio.eu\/de\/wer-wir-sind\/mission-und-vision\/#breadcrumb"},"inLanguage":"de","potentialAction":[{"@type":"ReadAction","target":["https:\/\/www.euregio.eu\/de\/wer-wir-sind\/mission-und-vision\/"]}]},{"@type":"BreadcrumbList","@id":"https:\/\/www.euregio.eu\/de\/wer-wir-sind\/mission-und-vision\/#breadcrumb","itemListElement":[{"@type":"ListItem","position":1,"name":"Home","item":"https:\/\/www.euregio.eu\/de\/"},{"@type":"ListItem","position":2,"name":"Wer wir sind","item":"https:\/\/www.euregio.eu\/de\/wer-wir-sind\/"},{"@type":"ListItem","position":3,"name":"Mission &#038; Vision"}]},{"@type":"WebSite","@id":"https:\/\/www.euregio.eu\/de\/#website","url":"https:\/\/www.euregio.eu\/de\/","name":"EUREGIO","description":"","potentialAction":[{"@type":"SearchAction","target":{"@type":"EntryPoint","urlTemplate":"https:\/\/www.euregio.eu\/de\/?s={search_term_string}"},"query-input":{"@type":"PropertyValueSpecification","valueRequired":true,"valueName":"search_term_string"}}],"inLanguage":"de"}]}},"_links":{"self":[{"href":"https:\/\/www.euregio.eu\/de\/wp-json\/wp\/v2\/pages\/1621","targetHints":{"allow":["GET"]}}],"collection":[{"href":"https:\/\/www.euregio.eu\/de\/wp-json\/wp\/v2\/pages"}],"about":[{"href":"https:\/\/www.euregio.eu\/de\/wp-json\/wp\/v2\/types\/page"}],"author":[{"embeddable":true,"href":"https:\/\/www.euregio.eu\/de\/wp-json\/wp\/v2\/users\/3"}],"replies":[{"embeddable":true,"href":"https:\/\/www.euregio.eu\/de\/wp-json\/wp\/v2\/comments?post=1621"}],"version-history":[{"count":45,"href":"https:\/\/www.euregio.eu\/de\/wp-json\/wp\/v2\/pages\/1621\/revisions"}],"predecessor-version":[{"id":15511,"href":"https:\/\/www.euregio.eu\/de\/wp-json\/wp\/v2\/pages\/1621\/revisions\/15511"}],"up":[{"embeddable":true,"href":"https:\/\/www.euregio.eu\/de\/wp-json\/wp\/v2\/pages\/466"}],"wp:attachment":[{"href":"https:\/\/www.euregio.eu\/de\/wp-json\/wp\/v2\/media?parent=1621"}],"curies":[{"name":"wp","href":"https:\/\/api.w.org\/{rel}","templated":true}]}}