{"id":14219,"date":"2025-09-10T10:06:54","date_gmt":"2025-09-10T09:06:54","guid":{"rendered":"https:\/\/www.euregio.eu\/?page_id=14219"},"modified":"2026-02-10T14:20:59","modified_gmt":"2026-02-10T13:20:59","slug":"medaillenspiegel-euregio-games-2025","status":"publish","type":"page","link":"https:\/\/www.euregio.eu\/de\/medaillenspiegel-euregio-games-2025\/","title":{"rendered":"Medaillenspiegel EUREGIO Games 2025 \/ 2026"},"content":{"rendered":"<p><div class=\"fusion-fullwidth fullwidth-box fusion-builder-row-1 fusion-flex-container has-pattern-background has-mask-background nonhundred-percent-fullwidth non-hundred-percent-height-scrolling\" style=\"--awb-border-radius-top-left:0px;--awb-border-radius-top-right:0px;--awb-border-radius-bottom-right:0px;--awb-border-radius-bottom-left:0px;--awb-flex-wrap:wrap;\" ><div class=\"fusion-builder-row fusion-row fusion-flex-align-items-flex-start fusion-flex-content-wrap\" style=\"max-width:1248px;margin-left: calc(-4% \/ 2 );margin-right: calc(-4% \/ 2 );\"><div class=\"fusion-layout-column fusion_builder_column fusion-builder-column-0 fusion_builder_column_3_4 3_4 fusion-flex-column\" style=\"--awb-bg-size:cover;--awb-width-large:75%;--awb-margin-top-large:0px;--awb-spacing-right-large:2.56%;--awb-margin-bottom-large:32px;--awb-spacing-left-large:2.56%;--awb-width-medium:100%;--awb-order-medium:0;--awb-spacing-right-medium:1.92%;--awb-spacing-left-medium:1.92%;--awb-width-small:100%;--awb-order-small:0;--awb-spacing-right-small:1.92%;--awb-spacing-left-small:1.92%;\"><div class=\"fusion-column-wrapper fusion-column-has-shadow fusion-flex-justify-content-flex-start fusion-content-layout-column\"><div class=\"fusion-text fusion-text-1\"><p class=\"my-2 &#091;&amp;+p&#093;:mt-4 &#091;&amp;_strong:has(+br)&#093;:inline-block &#091;&amp;_strong:has(+br)&#093;:pb-2\">Die EUREGIO Games sind ein besonderes grenz\u00fcberschreitendes Sportevent, das Sportlerinnen und Sportler aus Deutschland und den Niederlanden zusammenf\u00fchrt. Ziel ist es, nicht nur den sportlichen Wettkampf, sondern auch den kulturellen Austausch und die Begegnung \u00fcber Landesgrenzen hinweg zu f\u00f6rdern. Die Veranstaltungen finden in beiden L\u00e4ndern statt und integrieren bestehende regionale Sportwettk\u00e4mpfe.<\/p>\n<p class=\"my-2 &#091;&amp;+p&#093;:mt-4 &#091;&amp;_strong:has(+br)&#093;:inline-block &#091;&amp;_strong:has(+br)&#093;:pb-2\">Der Medaillenspiegel der <a href=\"https:\/\/www.euregio.eu\/de\/projekte\/euregio-games-2025\/\">EUREGIO Games<\/a> bietet einen transparenten \u00dcberblick \u00fcber die sportlichen Erfolge unserer Gebiete aus Deutschland und den Niederlanden. Hier werden alle erzielten Gold-, Silber- und Bronzemedaillen bei den einzelnen Wettbewerben \u00fcbersichtlich dargestellt und regelm\u00e4\u00dfig aktualisiert.<\/p>\n<p class=\"my-2 &#091;&amp;+p&#093;:mt-4 &#091;&amp;_strong:has(+br)&#093;:inline-block &#091;&amp;_strong:has(+br)&#093;:pb-2\">Der Medaillenspiegel spiegelt den sportlichen Ehrgeiz, die besondere Motivation und das grenz\u00fcberschreitende Gemeinschaftsgef\u00fchl wider, das die EUREGIO Games ausmacht. Er zeigt, welche Gebiete mit herausragenden Leistungen \u00fcberzeugen konnten und l\u00e4dt dazu ein, die Entwicklung und Erfolge der Sportlerinnen und Sportler \u00fcber die gesamte Saison hinweg mitzuverfolgen.<\/p>\n<\/div><\/div><\/div><div class=\"fusion-layout-column fusion_builder_column fusion-builder-column-1 fusion_builder_column_1_4 1_4 fusion-flex-column\" style=\"--awb-bg-size:cover;--awb-width-large:25%;--awb-margin-top-large:0px;--awb-spacing-right-large:7.68%;--awb-margin-bottom-large:32px;--awb-spacing-left-large:7.68%;--awb-width-medium:100%;--awb-order-medium:0;--awb-spacing-right-medium:1.92%;--awb-spacing-left-medium:1.92%;--awb-width-small:100%;--awb-order-small:0;--awb-spacing-right-small:1.92%;--awb-spacing-left-small:1.92%;\"><div class=\"fusion-column-wrapper fusion-column-has-shadow fusion-flex-justify-content-flex-start fusion-content-layout-column\"><div class=\"fusion-image-element \" style=\"--awb-caption-title-font-family:var(--h2_typography-font-family);--awb-caption-title-font-weight:var(--h2_typography-font-weight);--awb-caption-title-font-style:var(--h2_typography-font-style);--awb-caption-title-size:var(--h2_typography-font-size);--awb-caption-title-transform:var(--h2_typography-text-transform);--awb-caption-title-line-height:var(--h2_typography-line-height);--awb-caption-title-letter-spacing:var(--h2_typography-letter-spacing);\"><span class=\" fusion-imageframe imageframe-none imageframe-1 hover-type-none\"><img decoding=\"async\" width=\"864\" height=\"1080\" title=\"EUREGIO Games 2025\" src=\"https:\/\/www.euregio.eu\/wp-content\/uploads\/2025\/07\/EUREGIO-Games-2025.jpg\" alt class=\"img-responsive wp-image-13990\" srcset=\"https:\/\/www.euregio.eu\/wp-content\/uploads\/2025\/07\/EUREGIO-Games-2025-200x250.jpg 200w, https:\/\/www.euregio.eu\/wp-content\/uploads\/2025\/07\/EUREGIO-Games-2025-400x500.jpg 400w, https:\/\/www.euregio.eu\/wp-content\/uploads\/2025\/07\/EUREGIO-Games-2025-600x750.jpg 600w, https:\/\/www.euregio.eu\/wp-content\/uploads\/2025\/07\/EUREGIO-Games-2025-800x1000.jpg 800w, https:\/\/www.euregio.eu\/wp-content\/uploads\/2025\/07\/EUREGIO-Games-2025.jpg 864w\" sizes=\"(max-width: 1024px) 100vw, (max-width: 640px) 100vw, 400px\" \/><\/span><\/div><\/div><\/div><\/div><\/div><div class=\"fusion-fullwidth fullwidth-box fusion-builder-row-2 fusion-flex-container has-pattern-background has-mask-background nonhundred-percent-fullwidth non-hundred-percent-height-scrolling\" style=\"--awb-border-radius-top-left:0px;--awb-border-radius-top-right:0px;--awb-border-radius-bottom-right:0px;--awb-border-radius-bottom-left:0px;--awb-margin-bottom:2%;--awb-flex-wrap:wrap;\" ><div class=\"fusion-builder-row fusion-row fusion-flex-align-items-flex-start fusion-flex-content-wrap\" style=\"max-width:1248px;margin-left: calc(-4% \/ 2 );margin-right: calc(-4% \/ 2 );\"><div class=\"fusion-layout-column fusion_builder_column fusion-builder-column-2 fusion_builder_column_1_1 1_1 fusion-flex-column\" style=\"--awb-bg-size:cover;--awb-width-large:100%;--awb-margin-top-large:0px;--awb-spacing-right-large:1.92%;--awb-margin-bottom-large:32px;--awb-spacing-left-large:1.92%;--awb-width-medium:100%;--awb-order-medium:0;--awb-spacing-right-medium:1.92%;--awb-spacing-left-medium:1.92%;--awb-width-small:100%;--awb-order-small:0;--awb-spacing-right-small:1.92%;--awb-spacing-left-small:1.92%;\"><div class=\"fusion-column-wrapper fusion-column-has-shadow fusion-flex-justify-content-flex-start fusion-content-layout-column\">\n<div class=\"table-1\">\n<table class=\"tablesorter {sortlist: &#091;&#091;1,1&#093;&#093;}\" width=\"100%\">\n<thead>\n<tr>\n<th align=\"left\">Region<\/th>\n<th align=\"left\"><span style=\"color: #fcc861;\">Gold<\/span><\/th>\n<th align=\"left\"><span style=\"color: #8a8a8a;\">Silber<\/span><\/th>\n<th align=\"left\"><span style=\"color: #dcb386;\">Bronze<\/span><\/th>\n<th align=\"left\">Gesamt<\/th>\n<\/tr>\n<\/thead>\n<tbody>\n<tr>\n<td align=\"left\">Twente<\/td>\n<td align=\"left\">2<\/td>\n<td align=\"left\">2<\/td>\n<td align=\"left\">1<\/td>\n<td align=\"left\">5<\/td>\n<\/tr>\n<tr>\n<td align=\"left\">Kreis Borken<\/td>\n<td align=\"left\">1<\/td>\n<td align=\"left\">3<\/td>\n<td align=\"left\">1<\/td>\n<td align=\"left\">5<\/td>\n<\/tr>\n<tr>\n<td align=\"left\">Kreis Steinfurt<\/td>\n<td align=\"left\">3<\/td>\n<td align=\"left\">1<\/td>\n<td align=\"left\">3<\/td>\n<td align=\"left\">7<\/td>\n<\/tr>\n<tr>\n<td align=\"left\">Zuidoost Drenthe<\/td>\n<td align=\"left\">0<\/td>\n<td align=\"left\">0<\/td>\n<td align=\"left\">0<\/td>\n<td align=\"left\">0<\/td>\n<\/tr>\n<tr>\n<td align=\"left\">Noordoost Overijssel<\/td>\n<td align=\"left\">2<\/td>\n<td align=\"left\">0<\/td>\n<td align=\"left\">0<\/td>\n<td align=\"left\">2<\/td>\n<\/tr>\n<tr>\n<td align=\"left\">Achterhoek<\/td>\n<td align=\"left\">1<\/td>\n<td align=\"left\">3<\/td>\n<td align=\"left\">2<\/td>\n<td align=\"left\">6<\/td>\n<\/tr>\n<tr>\n<td align=\"left\">Grafschaft Bentheim<\/td>\n<td align=\"left\">1<\/td>\n<td align=\"left\">2<\/td>\n<td align=\"left\">3<\/td>\n<td align=\"left\">6<\/td>\n<\/tr>\n<tr>\n<td align=\"left\">Landkreis Emsland<\/td>\n<td align=\"left\">0<\/td>\n<td align=\"left\">0<\/td>\n<td align=\"left\">0<\/td>\n<td align=\"left\">0<\/td>\n<\/tr>\n<tr>\n<td align=\"left\">Landkreis Osnabr\u00fcck<\/td>\n<td align=\"left\">0<\/td>\n<td align=\"left\">0<\/td>\n<td align=\"left\">1<\/td>\n<td align=\"left\">1<\/td>\n<\/tr>\n<tr>\n<td align=\"left\">Stadt Osnabr\u00fcck<\/td>\n<td align=\"left\">0<\/td>\n<td align=\"left\">0<\/td>\n<td align=\"left\">0<\/td>\n<td align=\"left\">0<\/td>\n<\/tr>\n<tr>\n<td align=\"left\">Kreis Coesfeld<\/td>\n<td align=\"left\">0<\/td>\n<td align=\"left\">0<\/td>\n<td align=\"left\">1<\/td>\n<td align=\"left\">1<\/td>\n<\/tr>\n<tr>\n<td align=\"left\">Stadt M\u00fcnster<\/td>\n<td align=\"left\">0<\/td>\n<td align=\"left\">1<\/td>\n<td align=\"left\">0<\/td>\n<td align=\"left\">1<\/td>\n<\/tr>\n<tr>\n<td align=\"left\">Kreis Warendorf<\/td>\n<td align=\"left\">0<\/td>\n<td align=\"left\">0<\/td>\n<td align=\"left\">0<\/td>\n<td align=\"left\">0<\/td>\n<\/tr>\n<\/tbody>\n<\/table>\n<\/div>\n<\/div><\/div><\/div><\/div><div class=\"fusion-fullwidth fullwidth-box fusion-builder-row-3 fusion-flex-container has-pattern-background has-mask-background nonhundred-percent-fullwidth non-hundred-percent-height-scrolling\" style=\"--awb-border-radius-top-left:0px;--awb-border-radius-top-right:0px;--awb-border-radius-bottom-right:0px;--awb-border-radius-bottom-left:0px;--awb-flex-wrap:wrap;\" ><div class=\"fusion-builder-row fusion-row fusion-flex-align-items-flex-start fusion-flex-content-wrap\" style=\"max-width:1248px;margin-left: calc(-4% \/ 2 );margin-right: calc(-4% \/ 2 );\"><div class=\"fusion-layout-column fusion_builder_column fusion-builder-column-3 fusion_builder_column_1_1 1_1 fusion-flex-column\" style=\"--awb-bg-size:cover;--awb-width-large:100%;--awb-margin-top-large:0px;--awb-spacing-right-large:1.92%;--awb-margin-bottom-large:32px;--awb-spacing-left-large:1.92%;--awb-width-medium:100%;--awb-order-medium:0;--awb-spacing-right-medium:1.92%;--awb-spacing-left-medium:1.92%;--awb-width-small:100%;--awb-order-small:0;--awb-spacing-right-small:1.92%;--awb-spacing-left-small:1.92%;\"><div class=\"fusion-column-wrapper fusion-column-has-shadow fusion-flex-justify-content-flex-start fusion-content-layout-column\"><div class=\"fusion-title title fusion-title-1 fusion-sep-none fusion-title-text fusion-title-size-three\"><h3 class=\"fusion-title-heading title-heading-left fusion-responsive-typography-calculated\" style=\"margin:0;--fontSize:42;line-height:1.3;\">Neuigkeiten<\/h3><\/div><div class=\"posts-wrapper actueel \"><div class=\"post-container col-3 date\"><a href=\"https:\/\/www.euregio.eu\/de\/aktuell\/team-d-nl-der-wahre-sieger-der-olympischen-spiele-2026\/\" class=\"post-single\" style=\"background-image:url(https:\/\/www.euregio.eu\/wp-content\/uploads\/2026\/02\/Team-D-NL-\u2013-de-echte-winnaar-van-de-Olympische-Spelen-2026_thumbnail.jpg)\"><span class=\"content-holder\"><span class=\"single-item-title\">Team D-NL \u2013 der wahre Sieger der Olympischen Spiele 2026!<\/span><span class=\"single-item-date\">24-02-2026<\/span><\/span><\/a><\/div><div class=\"post-container col-3 date\"><a href=\"https:\/\/www.euregio.eu\/de\/aktuell\/euregio-games-spannende-spiele-beim-ersten-euregio-cup-der-u19\/\" class=\"post-single\" style=\"background-image:url(https:\/\/www.euregio.eu\/wp-content\/uploads\/2026\/02\/2.jpg)\"><span class=\"content-holder\"><span class=\"single-item-title\">EUREGIO Games | Spannende Spiele beim ersten Euregio-Cup der U19<\/span><span class=\"single-item-date\">10-02-2026<\/span><\/span><\/a><\/div><div class=\"post-container col-3 date\"><a href=\"https:\/\/www.euregio.eu\/de\/aktuell\/goldmedaille-im-darts-geht-nach-emsdetten\/\" class=\"post-single\" style=\"background-image:url(https:\/\/www.euregio.eu\/wp-content\/uploads\/2026\/02\/Template-FORMAT_Quadratisch.jpg)\"><span class=\"content-holder\"><span class=\"single-item-title\">Goldmedaille im Darts geht nach Emsdetten<\/span><span class=\"single-item-date\">04-02-2026<\/span><\/span><\/a><\/div><\/div><div style=\"text-align:right;\"><a class=\"fusion-button button-flat fusion-button-default-size button-default fusion-button-default button-1 fusion-button-default-span fusion-button-default-type yellow-button\" target=\"_self\" href=\"https:\/\/www.euregio.eu\/de\/neuigkeiten-euregio-games\/\"><span class=\"fusion-button-text awb-button__text awb-button__text--default\">Alle Nachrichten<\/span><\/a><\/div><\/div><\/div><\/div><\/div>\n<\/p>\n","protected":false},"excerpt":{"rendered":"","protected":false},"author":3,"featured_media":0,"parent":0,"menu_order":0,"comment_status":"closed","ping_status":"closed","template":"","meta":{"footnotes":""},"class_list":["post-14219","page","type-page","status-publish","hentry"],"yoast_head":"<!-- This site is optimized with the Yoast SEO plugin v26.4 - https:\/\/yoast.com\/wordpress\/plugins\/seo\/ -->\n<title>Medaillenspiegel EUREGIO Games 2025 \/ 2026 - EUREGIO<\/title>\n<meta name=\"robots\" content=\"index, follow, max-snippet:-1, max-image-preview:large, max-video-preview:-1\" \/>\n<link rel=\"canonical\" href=\"https:\/\/www.euregio.eu\/de\/medaillenspiegel-euregio-games-2025\/\" \/>\n<meta property=\"og:locale\" content=\"de_DE\" \/>\n<meta property=\"og:type\" content=\"article\" \/>\n<meta property=\"og:title\" content=\"Medaillenspiegel EUREGIO Games 2025 \/ 2026 - EUREGIO\" \/>\n<meta property=\"og:url\" content=\"https:\/\/www.euregio.eu\/de\/medaillenspiegel-euregio-games-2025\/\" \/>\n<meta property=\"og:site_name\" content=\"EUREGIO\" \/>\n<meta property=\"article:modified_time\" content=\"2026-02-10T13:20:59+00:00\" \/>\n<meta name=\"twitter:card\" content=\"summary_large_image\" \/>\n<meta name=\"twitter:label1\" content=\"Gesch\u00e4tzte Lesezeit\" \/>\n\t<meta name=\"twitter:data1\" content=\"2\u00a0Minuten\" \/>\n<script type=\"application\/ld+json\" class=\"yoast-schema-graph\">{\"@context\":\"https:\/\/schema.org\",\"@graph\":[{\"@type\":\"WebPage\",\"@id\":\"https:\/\/www.euregio.eu\/de\/medaillenspiegel-euregio-games-2025\/\",\"url\":\"https:\/\/www.euregio.eu\/de\/medaillenspiegel-euregio-games-2025\/\",\"name\":\"Medaillenspiegel EUREGIO Games 2025 \/ 2026 - EUREGIO\",\"isPartOf\":{\"@id\":\"https:\/\/www.euregio.eu\/de\/#website\"},\"datePublished\":\"2025-09-10T09:06:54+00:00\",\"dateModified\":\"2026-02-10T13:20:59+00:00\",\"breadcrumb\":{\"@id\":\"https:\/\/www.euregio.eu\/de\/medaillenspiegel-euregio-games-2025\/#breadcrumb\"},\"inLanguage\":\"de\",\"potentialAction\":[{\"@type\":\"ReadAction\",\"target\":[\"https:\/\/www.euregio.eu\/de\/medaillenspiegel-euregio-games-2025\/\"]}]},{\"@type\":\"BreadcrumbList\",\"@id\":\"https:\/\/www.euregio.eu\/de\/medaillenspiegel-euregio-games-2025\/#breadcrumb\",\"itemListElement\":[{\"@type\":\"ListItem\",\"position\":1,\"name\":\"Home\",\"item\":\"https:\/\/www.euregio.eu\/de\/\"},{\"@type\":\"ListItem\",\"position\":2,\"name\":\"Medaillenspiegel EUREGIO Games 2025 \/ 2026\"}]},{\"@type\":\"WebSite\",\"@id\":\"https:\/\/www.euregio.eu\/de\/#website\",\"url\":\"https:\/\/www.euregio.eu\/de\/\",\"name\":\"EUREGIO\",\"description\":\"\",\"potentialAction\":[{\"@type\":\"SearchAction\",\"target\":{\"@type\":\"EntryPoint\",\"urlTemplate\":\"https:\/\/www.euregio.eu\/de\/?s={search_term_string}\"},\"query-input\":{\"@type\":\"PropertyValueSpecification\",\"valueRequired\":true,\"valueName\":\"search_term_string\"}}],\"inLanguage\":\"de\"}]}<\/script>\n<!-- \/ Yoast SEO plugin. -->","yoast_head_json":{"title":"Medaillenspiegel EUREGIO Games 2025 \/ 2026 - EUREGIO","robots":{"index":"index","follow":"follow","max-snippet":"max-snippet:-1","max-image-preview":"max-image-preview:large","max-video-preview":"max-video-preview:-1"},"canonical":"https:\/\/www.euregio.eu\/de\/medaillenspiegel-euregio-games-2025\/","og_locale":"de_DE","og_type":"article","og_title":"Medaillenspiegel EUREGIO Games 2025 \/ 2026 - EUREGIO","og_url":"https:\/\/www.euregio.eu\/de\/medaillenspiegel-euregio-games-2025\/","og_site_name":"EUREGIO","article_modified_time":"2026-02-10T13:20:59+00:00","twitter_card":"summary_large_image","twitter_misc":{"Gesch\u00e4tzte Lesezeit":"2\u00a0Minuten"},"schema":{"@context":"https:\/\/schema.org","@graph":[{"@type":"WebPage","@id":"https:\/\/www.euregio.eu\/de\/medaillenspiegel-euregio-games-2025\/","url":"https:\/\/www.euregio.eu\/de\/medaillenspiegel-euregio-games-2025\/","name":"Medaillenspiegel EUREGIO Games 2025 \/ 2026 - EUREGIO","isPartOf":{"@id":"https:\/\/www.euregio.eu\/de\/#website"},"datePublished":"2025-09-10T09:06:54+00:00","dateModified":"2026-02-10T13:20:59+00:00","breadcrumb":{"@id":"https:\/\/www.euregio.eu\/de\/medaillenspiegel-euregio-games-2025\/#breadcrumb"},"inLanguage":"de","potentialAction":[{"@type":"ReadAction","target":["https:\/\/www.euregio.eu\/de\/medaillenspiegel-euregio-games-2025\/"]}]},{"@type":"BreadcrumbList","@id":"https:\/\/www.euregio.eu\/de\/medaillenspiegel-euregio-games-2025\/#breadcrumb","itemListElement":[{"@type":"ListItem","position":1,"name":"Home","item":"https:\/\/www.euregio.eu\/de\/"},{"@type":"ListItem","position":2,"name":"Medaillenspiegel EUREGIO Games 2025 \/ 2026"}]},{"@type":"WebSite","@id":"https:\/\/www.euregio.eu\/de\/#website","url":"https:\/\/www.euregio.eu\/de\/","name":"EUREGIO","description":"","potentialAction":[{"@type":"SearchAction","target":{"@type":"EntryPoint","urlTemplate":"https:\/\/www.euregio.eu\/de\/?s={search_term_string}"},"query-input":{"@type":"PropertyValueSpecification","valueRequired":true,"valueName":"search_term_string"}}],"inLanguage":"de"}]}},"_links":{"self":[{"href":"https:\/\/www.euregio.eu\/de\/wp-json\/wp\/v2\/pages\/14219","targetHints":{"allow":["GET"]}}],"collection":[{"href":"https:\/\/www.euregio.eu\/de\/wp-json\/wp\/v2\/pages"}],"about":[{"href":"https:\/\/www.euregio.eu\/de\/wp-json\/wp\/v2\/types\/page"}],"author":[{"embeddable":true,"href":"https:\/\/www.euregio.eu\/de\/wp-json\/wp\/v2\/users\/3"}],"replies":[{"embeddable":true,"href":"https:\/\/www.euregio.eu\/de\/wp-json\/wp\/v2\/comments?post=14219"}],"version-history":[{"count":30,"href":"https:\/\/www.euregio.eu\/de\/wp-json\/wp\/v2\/pages\/14219\/revisions"}],"predecessor-version":[{"id":15385,"href":"https:\/\/www.euregio.eu\/de\/wp-json\/wp\/v2\/pages\/14219\/revisions\/15385"}],"wp:attachment":[{"href":"https:\/\/www.euregio.eu\/de\/wp-json\/wp\/v2\/media?parent=14219"}],"curies":[{"name":"wp","href":"https:\/\/api.w.org\/{rel}","templated":true}]}}