{"id":10154,"date":"2024-02-05T16:36:00","date_gmt":"2024-02-05T15:36:00","guid":{"rendered":"https:\/\/www.euregio.eu\/?page_id=10154"},"modified":"2026-01-06T11:58:47","modified_gmt":"2026-01-06T10:58:47","slug":"euregio-kolumne-grenzglueck","status":"publish","type":"page","link":"https:\/\/www.euregio.eu\/de\/euregio-kolumne-grenzglueck\/","title":{"rendered":"EUREGIO-Kolumne \u2018Grenzgl\u00fcck\u2019"},"content":{"rendered":"<p><div class=\"fusion-fullwidth fullwidth-box fusion-builder-row-1 fusion-flex-container nonhundred-percent-fullwidth non-hundred-percent-height-scrolling\" style=\"--awb-border-radius-top-left:0px;--awb-border-radius-top-right:0px;--awb-border-radius-bottom-right:0px;--awb-border-radius-bottom-left:0px;--awb-flex-wrap:wrap;\" ><div class=\"fusion-builder-row fusion-row fusion-flex-align-items-flex-start fusion-flex-content-wrap\" style=\"max-width:1248px;margin-left: calc(-4% \/ 2 );margin-right: calc(-4% \/ 2 );\"><div class=\"fusion-layout-column fusion_builder_column fusion-builder-column-0 fusion_builder_column_2_3 2_3 fusion-flex-column\" style=\"--awb-bg-size:cover;--awb-width-large:66.666666666667%;--awb-margin-top-large:0px;--awb-spacing-right-large:2.88%;--awb-margin-bottom-large:32px;--awb-spacing-left-large:2.88%;--awb-width-medium:100%;--awb-order-medium:0;--awb-spacing-right-medium:1.92%;--awb-spacing-left-medium:1.92%;--awb-width-small:100%;--awb-order-small:0;--awb-spacing-right-small:1.92%;--awb-spacing-left-small:1.92%;\"><div class=\"fusion-column-wrapper fusion-column-has-shadow fusion-flex-justify-content-flex-start fusion-content-layout-column\"><div class=\"fusion-text fusion-text-1\"><p><strong>&#8222;Grenzgl\u00fcck&#8220; &#8211; das ist unsere deutsch-niederl\u00e4ndische EUREGIO-Kolumne. Die Autoren, Martin Borck, langj\u00e4hriger Niederlande-Korrespondent bei den <em>Westf\u00e4lischen Nachrichten<\/em>, und Gert-Jan Hospers von der Radboud Universiteit Nijmegen und Universit\u00e4t M\u00fcnster, beide aus eigener Erfahrung bestens vertraut mit dem Leben in der EUREGIO, beleuchten regelm\u00e4\u00dfig verschiedenste Aspekte des \u201egrenzenlosen\u201c Lebens entlang der deutsch-niederl\u00e4ndischen Grenze.<br \/>\n<\/strong><\/p>\n<\/div><\/div><\/div><div class=\"fusion-layout-column fusion_builder_column fusion-builder-column-1 fusion_builder_column_1_3 1_3 fusion-flex-column\" style=\"--awb-bg-size:cover;--awb-width-large:33.333333333333%;--awb-margin-top-large:0px;--awb-spacing-right-large:5.76%;--awb-margin-bottom-large:32px;--awb-spacing-left-large:5.76%;--awb-width-medium:100%;--awb-order-medium:0;--awb-spacing-right-medium:1.92%;--awb-spacing-left-medium:1.92%;--awb-width-small:100%;--awb-order-small:0;--awb-spacing-right-small:1.92%;--awb-spacing-left-small:1.92%;\"><div class=\"fusion-column-wrapper fusion-column-has-shadow fusion-flex-justify-content-flex-start fusion-content-layout-column\"><div class=\"fusion-builder-row fusion-builder-row-inner fusion-row fusion-flex-align-items-flex-start fusion-flex-content-wrap\" style=\"width:104% !important;max-width:104% !important;margin-left: calc(-4% \/ 2 );margin-right: calc(-4% \/ 2 );\"><div class=\"fusion-layout-column fusion_builder_column_inner fusion-builder-nested-column-0 fusion_builder_column_inner_1_2 1_2 fusion-flex-column\" style=\"--awb-bg-size:cover;--awb-width-large:50%;--awb-margin-top-large:0px;--awb-spacing-right-large:3.84%;--awb-margin-bottom-large:32px;--awb-spacing-left-large:3.84%;--awb-width-medium:100%;--awb-order-medium:0;--awb-spacing-right-medium:1.92%;--awb-spacing-left-medium:1.92%;--awb-width-small:100%;--awb-order-small:0;--awb-spacing-right-small:1.92%;--awb-spacing-left-small:1.92%;\"><div class=\"fusion-column-wrapper fusion-column-has-shadow fusion-flex-justify-content-flex-start fusion-content-layout-column\"><div class=\"fusion-image-element \" style=\"text-align:center;--awb-caption-title-font-family:var(--h2_typography-font-family);--awb-caption-title-font-weight:var(--h2_typography-font-weight);--awb-caption-title-font-style:var(--h2_typography-font-style);--awb-caption-title-size:var(--h2_typography-font-size);--awb-caption-title-transform:var(--h2_typography-text-transform);--awb-caption-title-line-height:var(--h2_typography-line-height);--awb-caption-title-letter-spacing:var(--h2_typography-letter-spacing);\"><span class=\" fusion-imageframe imageframe-none imageframe-1 hover-type-none\"><img decoding=\"async\" width=\"1080\" height=\"1080\" alt=\"Gert Jan Hospers\" title=\"Gert-Jan Hospers\" src=\"https:\/\/www.euregio.eu\/wp-content\/uploads\/2024\/01\/Gert-Jan-Hospers.png\" class=\"img-responsive wp-image-9938\" srcset=\"https:\/\/www.euregio.eu\/wp-content\/uploads\/2024\/01\/Gert-Jan-Hospers-200x200.png 200w, https:\/\/www.euregio.eu\/wp-content\/uploads\/2024\/01\/Gert-Jan-Hospers-400x400.png 400w, https:\/\/www.euregio.eu\/wp-content\/uploads\/2024\/01\/Gert-Jan-Hospers-600x600.png 600w, https:\/\/www.euregio.eu\/wp-content\/uploads\/2024\/01\/Gert-Jan-Hospers-800x800.png 800w, https:\/\/www.euregio.eu\/wp-content\/uploads\/2024\/01\/Gert-Jan-Hospers.png 1080w\" sizes=\"(max-width: 1024px) 100vw, (max-width: 640px) 100vw, 600px\" \/><\/span><\/div><div class=\"fusion-text fusion-text-2\" style=\"--awb-margin-top:20px;\"><p style=\"text-align: center;\"><strong>Gert-Jan Hospers<\/strong><\/p>\n<\/div><\/div><\/div><div class=\"fusion-layout-column fusion_builder_column_inner fusion-builder-nested-column-1 fusion_builder_column_inner_1_2 1_2 fusion-flex-column\" style=\"--awb-bg-size:cover;--awb-width-large:50%;--awb-margin-top-large:0px;--awb-spacing-right-large:3.84%;--awb-margin-bottom-large:32px;--awb-spacing-left-large:3.84%;--awb-width-medium:100%;--awb-order-medium:0;--awb-spacing-right-medium:1.92%;--awb-spacing-left-medium:1.92%;--awb-width-small:100%;--awb-order-small:0;--awb-spacing-right-small:1.92%;--awb-spacing-left-small:1.92%;\"><div class=\"fusion-column-wrapper fusion-column-has-shadow fusion-flex-justify-content-flex-start fusion-content-layout-column\"><div class=\"fusion-image-element \" style=\"text-align:center;--awb-caption-title-font-family:var(--h2_typography-font-family);--awb-caption-title-font-weight:var(--h2_typography-font-weight);--awb-caption-title-font-style:var(--h2_typography-font-style);--awb-caption-title-size:var(--h2_typography-font-size);--awb-caption-title-transform:var(--h2_typography-text-transform);--awb-caption-title-line-height:var(--h2_typography-line-height);--awb-caption-title-letter-spacing:var(--h2_typography-letter-spacing);\"><span class=\" fusion-imageframe imageframe-none imageframe-2 hover-type-none\"><img decoding=\"async\" width=\"1080\" height=\"1080\" title=\"Template FORMAT_Quadratisch\" src=\"https:\/\/www.euregio.eu\/wp-content\/uploads\/2024\/01\/Template-FORMAT_Quadratisch.png\" alt class=\"img-responsive wp-image-9988\" srcset=\"https:\/\/www.euregio.eu\/wp-content\/uploads\/2024\/01\/Template-FORMAT_Quadratisch-200x200.png 200w, https:\/\/www.euregio.eu\/wp-content\/uploads\/2024\/01\/Template-FORMAT_Quadratisch-400x400.png 400w, https:\/\/www.euregio.eu\/wp-content\/uploads\/2024\/01\/Template-FORMAT_Quadratisch-600x600.png 600w, https:\/\/www.euregio.eu\/wp-content\/uploads\/2024\/01\/Template-FORMAT_Quadratisch-800x800.png 800w, https:\/\/www.euregio.eu\/wp-content\/uploads\/2024\/01\/Template-FORMAT_Quadratisch.png 1080w\" sizes=\"(max-width: 1024px) 100vw, (max-width: 640px) 100vw, 600px\" \/><\/span><\/div><div class=\"fusion-text fusion-text-3\" style=\"--awb-margin-top:20px;\"><p style=\"text-align: center;\"><strong>Martin Borck<\/strong><\/p>\n<\/div><\/div><\/div><\/div><\/div><\/div><\/div><\/div><div class=\"fusion-fullwidth fullwidth-box fusion-builder-row-2 fusion-flex-container nonhundred-percent-fullwidth non-hundred-percent-height-scrolling\" style=\"--awb-border-radius-top-left:0px;--awb-border-radius-top-right:0px;--awb-border-radius-bottom-right:0px;--awb-border-radius-bottom-left:0px;--awb-flex-wrap:wrap;\" ><div class=\"fusion-builder-row fusion-row fusion-flex-align-items-flex-start fusion-flex-content-wrap\" style=\"max-width:1248px;margin-left: calc(-4% \/ 2 );margin-right: calc(-4% \/ 2 );\"><div class=\"fusion-layout-column fusion_builder_column fusion-builder-column-2 fusion_builder_column_1_1 1_1 fusion-flex-column\" style=\"--awb-bg-size:cover;--awb-width-large:100%;--awb-margin-top-large:0px;--awb-spacing-right-large:1.92%;--awb-margin-bottom-large:32px;--awb-spacing-left-large:1.92%;--awb-width-medium:100%;--awb-order-medium:0;--awb-spacing-right-medium:1.92%;--awb-spacing-left-medium:1.92%;--awb-width-small:100%;--awb-order-small:0;--awb-spacing-right-small:1.92%;--awb-spacing-left-small:1.92%;\"><div class=\"fusion-column-wrapper fusion-column-has-shadow fusion-flex-justify-content-flex-start fusion-content-layout-column\"><div class=\"posts-wrapper actueel \"><div class=\"post-container col-3 date\"><a href=\"https:\/\/www.euregio.eu\/de\/aktuell\/zutritt-verboten-euregio-kolumne-grenzglueck\/\" class=\"post-single\" style=\"background-image:url(https:\/\/www.euregio.eu\/wp-content\/uploads\/2026\/03\/Template-Instagram-Square-1080-\u00d7-1080-px.jpg)\"><span class=\"content-holder\"><span class=\"single-item-title\">Zutritt verboten! \u2013 EUREGIO-Kolumne \u201eGrenzgl\u00fcck\u201c<\/span><span class=\"single-item-date\">18-03-2026<\/span><\/span><\/a><\/div><div class=\"post-container col-3 date\"><a href=\"https:\/\/www.euregio.eu\/de\/aktuell\/lohnt-es-sich-fuer-niederlaender-noch-deutsch-zu-lernen-euregio-kolumne-grenzglueck\/\" class=\"post-single\" style=\"background-image:url(https:\/\/www.euregio.eu\/wp-content\/uploads\/2026\/02\/Template-Instagram-Square-1080-\u00d7-1080-px.jpg)\"><span class=\"content-holder\"><span class=\"single-item-title\">Lohnt es sich f\u00fcr Niederl\u00e4nder noch, Deutsch zu lernen? \u2013 EUREGIO-Kolumne \u201eGrenzgl\u00fcck\u201c<\/span><span class=\"single-item-date\">11-02-2026<\/span><\/span><\/a><\/div><div class=\"post-container col-3 date\"><a href=\"https:\/\/www.euregio.eu\/de\/aktuell\/der-reiz-des-verbotenen-euregio-kolumne-grenzglueck\/\" class=\"post-single\" style=\"background-image:url(https:\/\/www.euregio.eu\/wp-content\/uploads\/2026\/01\/Piratenzenders-of-de-aantrekkingskracht-van-het-verbodene-\u2013-EUREGIO-Kolumne-\u201eGrenzgluck-Thumbnail.jpg)\"><span class=\"content-holder\"><span class=\"single-item-title\">Der Reiz des Verbotenen \u2013 EUREGIO-Kolumne \u201eGrenzgl\u00fcck\u201c<\/span><span class=\"single-item-date\">14-01-2026<\/span><\/span><\/a><\/div><div class=\"post-container col-3 date\"><a href=\"https:\/\/www.euregio.eu\/de\/aktuell\/tankstelle-fuer-die-seele-euregio-kolumne-grenzglueck\/\" class=\"post-single\" style=\"background-image:url(https:\/\/www.euregio.eu\/wp-content\/uploads\/2025\/12\/Tankstation-voor-de-ziel\u2013EUREGIO-column-\u2018Grensgeluk-windach-autobahnkirche-foto-k-baas-cc-by-sa-4-0_thumbnail.jpg)\"><span class=\"content-holder\"><span class=\"single-item-title\">Tankstelle f\u00fcr die Seele \u2013 EUREGIO-Kolumne \u201eGrenzgl\u00fcck\u201c<\/span><span class=\"single-item-date\">17-12-2025<\/span><\/span><\/a><\/div><div class=\"post-container col-3 date\"><a href=\"https:\/\/www.euregio.eu\/de\/aktuell\/ideen-muss-man-haben-euregio-kolumne-grenzglueck\/\" class=\"post-single\" style=\"background-image:url(https:\/\/www.euregio.eu\/wp-content\/uploads\/2025\/11\/Ideen-muss-man-haben-\u2013-EUREGIO-Kolumne-\u201eGrenzglueck_thumbnail.jpg)\"><span class=\"content-holder\"><span class=\"single-item-title\">Ideen muss man haben \u2013 EUREGIO-Kolumne \u201eGrenzgl\u00fcck\u201c<\/span><span class=\"single-item-date\">19-11-2025<\/span><\/span><\/a><\/div><div class=\"post-container col-3 date\"><a href=\"https:\/\/www.euregio.eu\/de\/aktuell\/die-grenze-als-chance-fuer-synergie-euregio-kolumne-grenzglueck\/\" class=\"post-single\" style=\"background-image:url(https:\/\/www.euregio.eu\/wp-content\/uploads\/2025\/10\/De-grens-als-synergiekans-\u2013-EUREGIO-column-\u2018Grensgeluk_Thumbnail.jpg)\"><span class=\"content-holder\"><span class=\"single-item-title\">Die Grenze als Chance f\u00fcr Synergie \u2013 EUREGIO-Kolumne \u201eGrenzgl\u00fcck\u201c<\/span><span class=\"single-item-date\">22-10-2025<\/span><\/span><\/a><\/div><div class=\"post-container col-3 date\"><a href=\"https:\/\/www.euregio.eu\/de\/aktuell\/grenzglueck-pur-im-fahrradsattel-euregio-kolumne-grenzglueck\/\" class=\"post-single\" style=\"background-image:url(https:\/\/www.euregio.eu\/wp-content\/uploads\/2025\/09\/Template-Instagram-Square-1080-\u00d7-1080-px.jpg)\"><span class=\"content-holder\"><span class=\"single-item-title\">Grenzgl\u00fcck pur im Fahrradsattel \u2013 EUREGIO-Kolumne \u201eGrenzgl\u00fcck\u201c<\/span><span class=\"single-item-date\">17-09-2025<\/span><\/span><\/a><\/div><div class=\"post-container col-3 date\"><a href=\"https:\/\/www.euregio.eu\/de\/aktuell\/die-niederlande-in-muenster-euregio-kolumne-grenzglueck\/\" class=\"post-single\" style=\"background-image:url(https:\/\/www.euregio.eu\/wp-content\/uploads\/2025\/06\/Nederland-in-Munster-\u2013-EUREGIO-column-\u2018Grensgeluk_02.jpg)\"><span class=\"content-holder\"><span class=\"single-item-title\">Die Niederlande in M\u00fcnster \u2013 EUREGIO-Kolumne \u2018Grenzgl\u00fcck\u2019<\/span><span class=\"single-item-date\">26-06-2025<\/span><\/span><\/a><\/div><div class=\"post-container col-3 date\"><a href=\"https:\/\/www.euregio.eu\/de\/aktuell\/ein-guter-nachbar-ist-besser-als-ein-weit-entfernter-freund-euregio-kolumne-grenzglueck\/\" class=\"post-single\" style=\"background-image:url(https:\/\/www.euregio.eu\/wp-content\/uploads\/2025\/05\/Ein-guter-Nachbar-ist-besser-als-ein-weit-entfernter-Freund-\u2013-EUREGIO-Kolumne-\u201eGrenzglueck.jpg)\"><span class=\"content-holder\"><span class=\"single-item-title\">Ein guter Nachbar ist besser als ein weit entfernter Freund \u2013 EUREGIO-Kolumne \u201eGrenzgl\u00fcck\u201c<\/span><span class=\"single-item-date\">13-05-2025<\/span><\/span><\/a><\/div><div class=\"post-container col-3 date\"><a href=\"https:\/\/www.euregio.eu\/de\/aktuell\/vielfaeltiges-vreden-euregio-kolumne-grenzglueck\/\" class=\"post-single\" style=\"background-image:url(https:\/\/www.euregio.eu\/wp-content\/uploads\/2025\/04\/Verrassend-Vreden-\u2013-EUREGIO-column-\u2018Grensgeluk_thumb.jpg)\"><span class=\"content-holder\"><span class=\"single-item-title\">Vielf\u00e4ltiges Vreden \u2013 EUREGIO-Kolumne \u201eGrenzgl\u00fcck\u201c<\/span><span class=\"single-item-date\">16-04-2025<\/span><\/span><\/a><\/div><div class=\"post-container col-3 date\"><a href=\"https:\/\/www.euregio.eu\/de\/aktuell\/wenn-die-euregio-ein-eigener-staat-ware-euregio-kolumne-grenzgluck\/\" class=\"post-single\" style=\"background-image:url(https:\/\/www.euregio.eu\/wp-content\/uploads\/2025\/03\/Column-Martin-1.jpg)\"><span class=\"content-holder\"><span class=\"single-item-title\">Wenn die EUREGIO ein eigener Staat w\u00e4re \u2013 EUREGIO-Kolumne \u201eGrenzgl\u00fcck\u201c<\/span><span class=\"single-item-date\">24-03-2025<\/span><\/span><\/a><\/div><div class=\"post-container col-3 date\"><a href=\"https:\/\/www.euregio.eu\/de\/aktuell\/apothekenanalyse-euregio-kolumne-grenzglueck\/\" class=\"post-single\" style=\"background-image:url(https:\/\/www.euregio.eu\/wp-content\/uploads\/2025\/02\/Template-Instagram-Square-1080-\u00d7-1080-px.jpg)\"><span class=\"content-holder\"><span class=\"single-item-title\">Apothekenanalyse \u2013 EUREGIO-Kolumne \u201eGrenzgl\u00fcck\u201c<\/span><span class=\"single-item-date\">19-02-2025<\/span><\/span><\/a><\/div><div class=\"post-container col-3 date\"><a href=\"https:\/\/www.euregio.eu\/de\/aktuell\/getruebtes-grenzglueck-stationaere-grenzkontrollen-tun-weh-euregio-kolumne-grenzglueck\/\" class=\"post-single\" style=\"background-image:url(https:\/\/www.euregio.eu\/wp-content\/uploads\/2025\/01\/Getruebtes-Grenzglueck-Stationaere-Grenzkontrollen-tun-weh-\u2013-EUREGIO-Kolumne-\u201eGrenzglueck.jpg)\"><span class=\"content-holder\"><span class=\"single-item-title\">Getr\u00fcbtes Grenzgl\u00fcck: Station\u00e4re Grenzkontrollen tun weh \u2013 EUREGIO-Kolumne \u201eGrenzgl\u00fcck\u201c<\/span><span class=\"single-item-date\">29-01-2025<\/span><\/span><\/a><\/div><div class=\"post-container col-3 date\"><a href=\"https:\/\/www.euregio.eu\/de\/aktuell\/kniffliges-kauderwelsch-euregio-kolumne-grenzglueck\/\" class=\"post-single\" style=\"background-image:url(https:\/\/www.euregio.eu\/wp-content\/uploads\/2024\/12\/Kniffliges-Kauderwelsch-\u2013-EUREGIO-Kolumne-\u201eGrenzgluck.jpg)\"><span class=\"content-holder\"><span class=\"single-item-title\">Kniffliges Kauderwelsch \u2013 EUREGIO-Kolumne \u201eGrenzgl\u00fcck\u201c<\/span><span class=\"single-item-date\">11-12-2024<\/span><\/span><\/a><\/div><div class=\"post-container col-3 date\"><a href=\"https:\/\/www.euregio.eu\/de\/aktuell\/sendepause-lieder-in-der-nachbarsprache-werden-im-radio-kaum-gespielt-euregio-kolumne-grenzglueck\/\" class=\"post-single\" style=\"background-image:url(https:\/\/www.euregio.eu\/wp-content\/uploads\/2024\/11\/Sendepause-Lieder-in-der-Nachbarsprache-werden-im-Radio-kaum-gespielt-\u2013-EUREGIO-Kolumne-Grenzglueck-1.jpg)\"><span class=\"content-holder\"><span class=\"single-item-title\">Sendepause: Lieder in der Nachbarsprache werden im Radio kaum gespielt \u2013 EUREGIO-Kolumne \u201eGrenzgl\u00fcck\u201c<\/span><span class=\"single-item-date\">13-11-2024<\/span><\/span><\/a><\/div><div class=\"post-container col-3 date\"><a href=\"https:\/\/www.euregio.eu\/de\/aktuell\/ein-halbes-jahrhundert-playmobil-euregio-kolumne-grenzglueck\/\" class=\"post-single\" style=\"background-image:url(https:\/\/www.euregio.eu\/wp-content\/uploads\/2024\/10\/Ein-halbes-Jahrhundert-Playmobil-\u2013-EUREGIO-Kolumne-\u201eGrenzglueck-Thumbnail.jpg)\"><span class=\"content-holder\"><span class=\"single-item-title\">Ein halbes Jahrhundert Playmobil \u2013 EUREGIO-Kolumne \u201eGrenzgl\u00fcck\u201c<\/span><span class=\"single-item-date\">14-10-2024<\/span><\/span><\/a><\/div><div class=\"post-container col-3 date\"><a href=\"https:\/\/www.euregio.eu\/de\/aktuell\/ueber-die-grenze-mit-bus-und-bahn-euregio-kolumne-grenzglueck\/\" class=\"post-single\" style=\"background-image:url(https:\/\/www.euregio.eu\/wp-content\/uploads\/2024\/09\/EUREGIO-column-Grensgeluk-Met-bus-en-trein-de-grens-over.jpg)\"><span class=\"content-holder\"><span class=\"single-item-title\">\u00dcber die Grenze mit Bus und Bahn \u2013 EUREGIO-Kolumne \u201eGrenzgl\u00fcck\u201c<\/span><span class=\"single-item-date\">18-09-2024<\/span><\/span><\/a><\/div><div class=\"post-container col-3 date\"><a href=\"https:\/\/www.euregio.eu\/de\/aktuell\/grenzenlose-natur-euregio-kolumne-grenzglueck\/\" class=\"post-single\" style=\"background-image:url(https:\/\/www.euregio.eu\/wp-content\/uploads\/2024\/06\/Grenzeloze-natuur-\u2013-EUREGIO-column-\u2018Grensgeluk.jpg)\"><span class=\"content-holder\"><span class=\"single-item-title\">Grenzenlose Natur \u2013 EUREGIO-Kolumne \u201eGrenzgl\u00fcck\u201c<\/span><span class=\"single-item-date\">14-06-2024<\/span><\/span><\/a><\/div><div class=\"post-container col-3 date\"><a href=\"https:\/\/www.euregio.eu\/de\/aktuell\/freiheit-statt-egoismus-euregio-kolumne-grenzglueck\/\" class=\"post-single\" style=\"background-image:url(https:\/\/www.euregio.eu\/wp-content\/uploads\/2024\/04\/EUREGIO-Kolumne-Grenzglueck-Freiheit-statt-Egoismus-.jpg)\"><span class=\"content-holder\"><span class=\"single-item-title\">Freiheit statt Egoismus - EUREGIO-Kolumne \"Grenzgl\u00fcck\"<\/span><span class=\"single-item-date\">29-04-2024<\/span><\/span><\/a><\/div><div class=\"post-container col-3 date\"><a href=\"https:\/\/www.euregio.eu\/de\/aktuell\/heimat-im-handy-euregio-kolumne-grenzglueck\/\" class=\"post-single\" style=\"background-image:url(https:\/\/www.euregio.eu\/wp-content\/uploads\/2024\/04\/Template-FORMAT_Standard-11-e1712224707226.jpg)\"><span class=\"content-holder\"><span class=\"single-item-title\">Heimat im Handy - EUREGIO-Kolumne \"Grenzgl\u00fcck\"<\/span><span class=\"single-item-date\">04-04-2024<\/span><\/span><\/a><\/div><div class=\"post-container col-3 date\"><a href=\"https:\/\/www.euregio.eu\/de\/aktuell\/jeder-spricht-seine-eigene-sprache-euregio-kolumne-grenzglueck\/\" class=\"post-single\" style=\"background-image:url(https:\/\/www.euregio.eu\/wp-content\/uploads\/2024\/03\/Jeder-spricht-seine-eigene-Sprache-\u2013-EUREGIO-Kolumne-\u201eGrenzglueck_thumbnail-2.jpg)\"><span class=\"content-holder\"><span class=\"single-item-title\">Jeder spricht seine eigene Sprache? \u2013 EUREGIO-Kolumne \u201eGrenzgl\u00fcck\u201c<\/span><span class=\"single-item-date\">18-03-2024<\/span><\/span><\/a><\/div><div class=\"post-container col-3 date\"><a href=\"https:\/\/www.euregio.eu\/de\/aktuell\/die-deutschen-und-ihr-brot-euregio-kolumne-grenzglueck\/\" class=\"post-single\" style=\"background-image:url(https:\/\/www.euregio.eu\/wp-content\/uploads\/2024\/02\/Template-FORMAT_Standard-12-e1712307139512.jpg)\"><span class=\"content-holder\"><span class=\"single-item-title\">Die Deutschen und ihr Brot - EUREGIO-Kolumne \"Grenzgl\u00fcck\"<\/span><span class=\"single-item-date\">05-02-2024<\/span><\/span><\/a><\/div><div class=\"post-container col-3 date\"><a href=\"https:\/\/www.euregio.eu\/de\/aktuell\/neue-euregio-kolumne-grenzglueck\/\" class=\"post-single\" style=\"background-image:url(https:\/\/www.euregio.eu\/wp-content\/uploads\/2024\/01\/Template-FORMAT_Standard-13-1-e1712307465770.jpg)\"><span class=\"content-holder\"><span class=\"single-item-title\">Neue EUREGIO-Kolumne \"Grenzgl\u00fcck\"<\/span><span class=\"single-item-date\">15-01-2024<\/span><\/span><\/a><\/div><\/div><\/div><\/div><\/div><\/div><\/p>\n","protected":false},"excerpt":{"rendered":"","protected":false},"author":3,"featured_media":0,"parent":0,"menu_order":0,"comment_status":"closed","ping_status":"closed","template":"","meta":{"footnotes":""},"class_list":["post-10154","page","type-page","status-publish","hentry"],"yoast_head":"<!-- This site is optimized with the Yoast SEO plugin v26.4 - https:\/\/yoast.com\/wordpress\/plugins\/seo\/ -->\n<title>EUREGIO-Kolumne \u2018Grenzgl\u00fcck\u2019 - EUREGIO<\/title>\n<meta name=\"robots\" content=\"index, follow, max-snippet:-1, max-image-preview:large, max-video-preview:-1\" \/>\n<link rel=\"canonical\" href=\"https:\/\/www.euregio.eu\/de\/euregio-kolumne-grenzglueck\/\" \/>\n<meta property=\"og:locale\" content=\"de_DE\" \/>\n<meta property=\"og:type\" content=\"article\" \/>\n<meta property=\"og:title\" content=\"EUREGIO-Kolumne \u2018Grenzgl\u00fcck\u2019 - EUREGIO\" \/>\n<meta property=\"og:url\" content=\"https:\/\/www.euregio.eu\/de\/euregio-kolumne-grenzglueck\/\" \/>\n<meta property=\"og:site_name\" content=\"EUREGIO\" \/>\n<meta property=\"article:modified_time\" content=\"2026-01-06T10:58:47+00:00\" \/>\n<meta name=\"twitter:card\" content=\"summary_large_image\" \/>\n<meta name=\"twitter:label1\" content=\"Gesch\u00e4tzte Lesezeit\" \/>\n\t<meta name=\"twitter:data1\" content=\"2\u00a0Minuten\" \/>\n<script type=\"application\/ld+json\" class=\"yoast-schema-graph\">{\"@context\":\"https:\/\/schema.org\",\"@graph\":[{\"@type\":\"WebPage\",\"@id\":\"https:\/\/www.euregio.eu\/de\/euregio-kolumne-grenzglueck\/\",\"url\":\"https:\/\/www.euregio.eu\/de\/euregio-kolumne-grenzglueck\/\",\"name\":\"EUREGIO-Kolumne \u2018Grenzgl\u00fcck\u2019 - EUREGIO\",\"isPartOf\":{\"@id\":\"https:\/\/www.euregio.eu\/de\/#website\"},\"datePublished\":\"2024-02-05T15:36:00+00:00\",\"dateModified\":\"2026-01-06T10:58:47+00:00\",\"breadcrumb\":{\"@id\":\"https:\/\/www.euregio.eu\/de\/euregio-kolumne-grenzglueck\/#breadcrumb\"},\"inLanguage\":\"de\",\"potentialAction\":[{\"@type\":\"ReadAction\",\"target\":[\"https:\/\/www.euregio.eu\/de\/euregio-kolumne-grenzglueck\/\"]}]},{\"@type\":\"BreadcrumbList\",\"@id\":\"https:\/\/www.euregio.eu\/de\/euregio-kolumne-grenzglueck\/#breadcrumb\",\"itemListElement\":[{\"@type\":\"ListItem\",\"position\":1,\"name\":\"Home\",\"item\":\"https:\/\/www.euregio.eu\/de\/\"},{\"@type\":\"ListItem\",\"position\":2,\"name\":\"EUREGIO-Kolumne \u2018Grenzgl\u00fcck\u2019\"}]},{\"@type\":\"WebSite\",\"@id\":\"https:\/\/www.euregio.eu\/de\/#website\",\"url\":\"https:\/\/www.euregio.eu\/de\/\",\"name\":\"EUREGIO\",\"description\":\"\",\"potentialAction\":[{\"@type\":\"SearchAction\",\"target\":{\"@type\":\"EntryPoint\",\"urlTemplate\":\"https:\/\/www.euregio.eu\/de\/?s={search_term_string}\"},\"query-input\":{\"@type\":\"PropertyValueSpecification\",\"valueRequired\":true,\"valueName\":\"search_term_string\"}}],\"inLanguage\":\"de\"}]}<\/script>\n<!-- \/ Yoast SEO plugin. -->","yoast_head_json":{"title":"EUREGIO-Kolumne \u2018Grenzgl\u00fcck\u2019 - EUREGIO","robots":{"index":"index","follow":"follow","max-snippet":"max-snippet:-1","max-image-preview":"max-image-preview:large","max-video-preview":"max-video-preview:-1"},"canonical":"https:\/\/www.euregio.eu\/de\/euregio-kolumne-grenzglueck\/","og_locale":"de_DE","og_type":"article","og_title":"EUREGIO-Kolumne \u2018Grenzgl\u00fcck\u2019 - EUREGIO","og_url":"https:\/\/www.euregio.eu\/de\/euregio-kolumne-grenzglueck\/","og_site_name":"EUREGIO","article_modified_time":"2026-01-06T10:58:47+00:00","twitter_card":"summary_large_image","twitter_misc":{"Gesch\u00e4tzte Lesezeit":"2\u00a0Minuten"},"schema":{"@context":"https:\/\/schema.org","@graph":[{"@type":"WebPage","@id":"https:\/\/www.euregio.eu\/de\/euregio-kolumne-grenzglueck\/","url":"https:\/\/www.euregio.eu\/de\/euregio-kolumne-grenzglueck\/","name":"EUREGIO-Kolumne \u2018Grenzgl\u00fcck\u2019 - EUREGIO","isPartOf":{"@id":"https:\/\/www.euregio.eu\/de\/#website"},"datePublished":"2024-02-05T15:36:00+00:00","dateModified":"2026-01-06T10:58:47+00:00","breadcrumb":{"@id":"https:\/\/www.euregio.eu\/de\/euregio-kolumne-grenzglueck\/#breadcrumb"},"inLanguage":"de","potentialAction":[{"@type":"ReadAction","target":["https:\/\/www.euregio.eu\/de\/euregio-kolumne-grenzglueck\/"]}]},{"@type":"BreadcrumbList","@id":"https:\/\/www.euregio.eu\/de\/euregio-kolumne-grenzglueck\/#breadcrumb","itemListElement":[{"@type":"ListItem","position":1,"name":"Home","item":"https:\/\/www.euregio.eu\/de\/"},{"@type":"ListItem","position":2,"name":"EUREGIO-Kolumne \u2018Grenzgl\u00fcck\u2019"}]},{"@type":"WebSite","@id":"https:\/\/www.euregio.eu\/de\/#website","url":"https:\/\/www.euregio.eu\/de\/","name":"EUREGIO","description":"","potentialAction":[{"@type":"SearchAction","target":{"@type":"EntryPoint","urlTemplate":"https:\/\/www.euregio.eu\/de\/?s={search_term_string}"},"query-input":{"@type":"PropertyValueSpecification","valueRequired":true,"valueName":"search_term_string"}}],"inLanguage":"de"}]}},"_links":{"self":[{"href":"https:\/\/www.euregio.eu\/de\/wp-json\/wp\/v2\/pages\/10154","targetHints":{"allow":["GET"]}}],"collection":[{"href":"https:\/\/www.euregio.eu\/de\/wp-json\/wp\/v2\/pages"}],"about":[{"href":"https:\/\/www.euregio.eu\/de\/wp-json\/wp\/v2\/types\/page"}],"author":[{"embeddable":true,"href":"https:\/\/www.euregio.eu\/de\/wp-json\/wp\/v2\/users\/3"}],"replies":[{"embeddable":true,"href":"https:\/\/www.euregio.eu\/de\/wp-json\/wp\/v2\/comments?post=10154"}],"version-history":[{"count":7,"href":"https:\/\/www.euregio.eu\/de\/wp-json\/wp\/v2\/pages\/10154\/revisions"}],"predecessor-version":[{"id":15022,"href":"https:\/\/www.euregio.eu\/de\/wp-json\/wp\/v2\/pages\/10154\/revisions\/15022"}],"wp:attachment":[{"href":"https:\/\/www.euregio.eu\/de\/wp-json\/wp\/v2\/media?parent=10154"}],"curies":[{"name":"wp","href":"https:\/\/api.w.org\/{rel}","templated":true}]}}